{"id":1274,"date":"2025-11-25T15:54:59","date_gmt":"2025-11-25T15:54:59","guid":{"rendered":"https:\/\/tecnikabel.com\/?page_id=1274"},"modified":"2026-04-08T14:51:57","modified_gmt":"2026-04-08T13:51:57","slug":"automazione","status":"publish","type":"page","link":"https:\/\/www.tecnikabel.com\/it\/applicazioni\/automazione\/","title":{"rendered":"Automazione"},"content":{"rendered":"\n<section class=\"gb-element-0709d356\">\n<h1 class=\"gb-text gb-text-272fe6b3\" data-aos=\"fade\" data-aos-duration=\"1000\" data-aos-easing=\"ease-in-out\">Automazione Industriale:<br>flussi affidabili, zero interruzioni<\/h1>\n\n\n\n<div class=\"gb-element-284bdbb2\" data-aos=\"fade\" data-aos-duration=\"1000\" data-aos-easing=\"ease-in-out\">\n<div class=\"gb-text right-rounded-corner-grey\"><\/div>\n\n\n\n<div class=\"gb-text-ee47364b\"><span class=\"gb-shape\"><svg xmlns=\"http:\/\/www.w3.org\/2000\/svg\" viewBox=\"0 0 19 16\">\n\t<path d=\"M 0 16 C 4 16 5 14 6 13 C 10 7 12 3 15 1 C 16 0 19 0 19 0 H 19 V 16 L 0 16\"><\/path>\n<\/svg><\/span><span class=\"gb-text\"><\/span><\/div>\n\n\n\n<p class=\"gb-text-b18cd6de\"><span class=\"gb-shape\"><svg xmlns=\"http:\/\/www.w3.org\/2000\/svg\" viewBox=\"0 0 19 16\">\n\t<path d=\"M 0 16 C 4 16 5 14 6 13 C 10 7 12 3 15 1 C 16 0 19 0 19 0 H 19 V 16 L 0 16\"><\/path>\n<\/svg><\/span><span class=\"gb-text\">I nostri cavi alimentano ogni giorno macchine, impianti e sistemi di controllo in ambienti produttivi complessi. In particolare nell\u2019automazione industriale, dove la trasmissione precisa di ogni segnale rappresenta un fattore chiave.<\/span><\/p>\n<\/div>\n\n\n\n<p class=\"gb-text gb-text-6f9c1c49\" data-aos=\"fade\" data-aos-duration=\"1000\" data-aos-easing=\"ease-in-out\">I nostri cavi alimentano ogni giorno macchine, impianti e sistemi di controllo in ambienti produttivi complessi. In particolare nell\u2019automazione industriale, dove la trasmissione precisa di ogni segnale rappresenta un fattore chiave.<\/p>\n<\/section>\n\n\n\n<section>\n<div class=\"gb-element-893f89a7\">\n<div class=\"gb-element-7b04bb67\" data-aos=\"fade\" data-aos-duration=\"1000\" data-aos-easing=\"ease-in-out\">\n<h2 class=\"gb-text gb-text-53bc98ad\">Soluzioni progettate sulle tue esigenze operative<\/h2>\n<\/div>\n\n\n\n<div class=\"gb-element-8811ac0b\" data-aos=\"fade\" data-aos-duration=\"1000\" data-aos-easing=\"ease-in-out\">\n<p class=\"gb-text\">Ogni impianto \u00e8 unico, sono le nostre soluzioni ad adattarsi. Tutto \u00e8 pensato per semplificare l\u2019installazione e ridurre i tempi di fermo.<\/p>\n\n\n\n<a class=\"gb-text gb-text-8b61f953\" href=\"https:\/\/www.tecnikabel.com\/it\/prodotti\/cavi\/cavi-per-automazione\/\">Esplora<\/a>\n<\/div>\n\n\n\n<div class=\"gb-element-09a9d8e1\">\n<div class=\"gb-element-4fb379d5\"><\/div>\n<\/div>\n\n\n\n<div class=\"gb-element-586fb600\" data-aos=\"fade\" data-aos-duration=\"1000\" data-aos-easing=\"ease-in-out\">\n<span class=\"gb-text gb-text-238c9b53 has-h4-font-size\">Spazi ridotti e passaggi tortuosi<\/span>\n<\/div>\n\n\n\n<div data-aos=\"fade\" data-aos-duration=\"1000\" data-aos-easing=\"ease-in-out\">\n<p class=\"gb-text\">Soluzioni progettate per garantire massima flessibilit\u00e0 e affidabilit\u00e0 anche negli spazi pi\u00f9 ridotti.<\/p>\n<\/div>\n\n\n\n<div class=\"gb-element-0e2d0262\">\n<div class=\"gb-element-a1ef8250\"><\/div>\n<\/div>\n\n\n\n<div class=\"gb-element-90378d19\" data-aos=\"fade\" data-aos-duration=\"1000\" data-aos-easing=\"ease-in-out\">\n<span class=\"gb-text gb-text-84b709cb has-h4-font-size\">Esigenze di preconnettorizzazione e codifiche colore<\/span>\n<\/div>\n\n\n\n<div data-aos=\"fade\" data-aos-duration=\"1000\" data-aos-easing=\"ease-in-out\">\n<p class=\"gb-text\">Cavi pronti all\u2019uso, con codifiche colore personalizzate per un\u2019installazione rapida, precisa e sicura.<\/p>\n<\/div>\n\n\n\n<div class=\"gb-element-9c44f4e2\" data-aos=\"fade\" data-aos-duration=\"1000\" data-aos-easing=\"ease-in-out\">\n<div class=\"gb-element-a13334df\"><\/div>\n<\/div>\n\n\n\n<div class=\"gb-element-15cc210e\" data-aos=\"fade\" data-aos-duration=\"1000\" data-aos-easing=\"ease-in-out\">\n<span class=\"gb-text gb-text-0771779a has-h4-font-size\">Marcature specifiche per ogni progetto<\/span>\n<\/div>\n\n\n\n<div data-aos=\"fade\" data-aos-duration=\"1000\" data-aos-easing=\"ease-in-out\">\n<p class=\"gb-text\">Ogni progetto \u00e8 unico: offriamo marcature personalizzate per una tracciabilit\u00e0 completa.<\/p>\n<\/div>\n<\/div>\n<\/section>\n\n\n\n<section class=\"gb-element-b6c785f0 full-width-section-container\">\n<div>\n<div class=\"gb-element-8adac23c\">\n<div class=\"gb-element-b3f75fca\">\n<h2 class=\"gb-text gb-text-c8699c5b\" data-aos=\"fade\" data-aos-duration=\"1000\" data-aos-easing=\"ease-in-out\">Performance testate, anche in ambienti ostili e complessi<\/h2>\n<\/div>\n\n\n\n<div class=\"gb-element-81505320\">\n<p class=\"gb-text gb-text-dd6756b9\" data-aos=\"fade\" data-aos-duration=\"1000\" data-aos-easing=\"ease-in-out\">Nel settore dell\u2019automazione si affrontano ogni giorno sfide complesse: vibrazioni, sollecitazioni meccaniche e condizioni ambientali difficili. \u2028Con le nostre soluzioni supportiamo ogni fase della produzione, garantendo continuit\u00e0 operativa e massima affidabilit\u00e0.<\/p>\n\n\n\n<img decoding=\"async\" width=\"2560\" height=\"1920\" class=\"gb-media-de3ebbc3\" alt=\"\" src=\"https:\/\/www.tecnikabel.com\/it\/wp-content\/uploads\/sites\/5\/2025\/12\/defense-features.jpg\" title=\"defense-features\" data-aos=\"fade\" data-aos-duration=\"1000\" data-aos-easing=\"ease-in-out\" srcset=\"https:\/\/www.tecnikabel.com\/it\/wp-content\/uploads\/sites\/5\/2025\/12\/defense-features.jpg 2560w, https:\/\/www.tecnikabel.com\/it\/wp-content\/uploads\/sites\/5\/2025\/12\/defense-features-300x225.jpg 300w, https:\/\/www.tecnikabel.com\/it\/wp-content\/uploads\/sites\/5\/2025\/12\/defense-features-1024x768.jpg 1024w, https:\/\/www.tecnikabel.com\/it\/wp-content\/uploads\/sites\/5\/2025\/12\/defense-features-768x576.jpg 768w, https:\/\/www.tecnikabel.com\/it\/wp-content\/uploads\/sites\/5\/2025\/12\/defense-features-1536x1152.jpg 1536w, https:\/\/www.tecnikabel.com\/it\/wp-content\/uploads\/sites\/5\/2025\/12\/defense-features-2048x1536.jpg 2048w\" sizes=\"(max-width: 2560px) 100vw, 2560px\" \/>\n<\/div>\n\n\n\n<div class=\"gb-element-3ec7dc76\">\n<div class=\"gb-element-edadf3fc\" data-aos=\"fade\" data-aos-duration=\"1000\" data-aos-easing=\"ease-in-out\">\n<div class=\"gb-element-fde35c3c\">\n<div class=\"gb-element-a0334cd0\"><\/div>\n<\/div>\n\n\n\n<h2 class=\"gb-text has-h4-font-size\">Sfide comuni<\/h2>\n\n\n\n<p class=\"gb-text gb-text-7b085322\">Movimenti meccanici continui e vibrazioni<\/p>\n<\/div>\n\n\n\n<div class=\"gb-element-d16d4f40\" data-aos=\"fade\" data-aos-duration=\"1000\" data-aos-easing=\"ease-in-out\"><\/div>\n\n\n\n<div class=\"gb-element-ddf145a0\" data-aos=\"fade\" data-aos-duration=\"1000\" data-aos-easing=\"ease-in-out\">\n<div class=\"gb-element-264b2c4b\">\n<div class=\"gb-element-704edd04\"><\/div>\n<\/div>\n\n\n\n<h2 class=\"gb-text has-h4-font-size\">Condizioni estreme<\/h2>\n\n\n\n<p class=\"gb-text gb-text-b29ca6d2\">Esposizione a calore, umidit\u00e0 e agenti chimici<\/p>\n<\/div>\n<\/div>\n<\/div>\n<\/div>\n<\/section>\n\n\n\n<section class=\"gb-element-1878131c rounded full-width-section-container\" data-aos=\"fade\" data-aos-duration=\"950\" data-aos-easing=\"ease-in-out\">\n<div class=\"gb-element-c0a2024c\">\n<div class=\"gb-element-85377fda\" data-aos=\"fade\" data-aos-duration=\"1000\" data-aos-easing=\"ease-in-out\">\n<span class=\"gb-text-b68a22f6\"><span class=\"gb-text\">Case study<\/span><span class=\"gb-shape\"><svg xmlns=\"http:\/\/www.w3.org\/2000\/svg\" viewBox=\"0 0 19 16\">\n\t<path d=\"M 0 0 L 19 0 C 19 0 16 0 15 1 C 12 3 10 7 6 13 C 5 14 4 16 0 16\"><\/path>\n<\/svg><\/span><\/span>\n\n\n\n<div class=\"gb-text left-rounded-corner-grey\"><\/div>\n<\/div>\n\n\n\n<div class=\"gb-element-efef365f\">\n<h2 class=\"gb-text gb-text-42bd1952\" data-aos=\"fade\" data-aos-duration=\"1000\" data-aos-easing=\"ease-in-out\">Progetto automation<\/h2>\n\n\n\n<div>\n<p class=\"gb-text gb-text-78906626\" data-aos=\"fade\" data-aos-duration=\"1000\" data-aos-easing=\"ease-in-out\">Mi tincidunt elit, id quisque ligula ac diam, amet. Vel etiam suspendisse morbi eleifend faucibus eget vestibulum felis. Dictum quis montes, sit sit. Tellus aliquam enim urna, etiam. Mauris posuere vulputate arcu amet, vitae nisi, tellus tincidunt. At feugiat sapien varius id.<br><br><strong>Cavi ottici<\/strong><br>Dolor enim eu tortor urna sed duis nulla. Aliquam vestibulum, nulla odio nisl vitae.<br><br><strong>Resistenza a trazione<\/strong><br>Dolor enim eu tortor urna sed duis nulla. Aliquam vestibulum, nulla odio nisl vitae.<br><br><strong>Packaging dedicato<\/strong><br>Dolor enim eu tortor urna sed duis nulla. Aliquam vestibulum, nulla odio nisl vitae.<\/p>\n<\/div>\n<\/div>\n<\/div>\n<\/section>\n\n\n\n<section class=\"gb-element-cdfde7f8 full-width-section-container\" data-aos=\"fade\" data-aos-duration=\"1000\" data-aos-easing=\"ease-in-out\">\n<p class=\"gb-text has-label-font\" data-aos=\"fade\" data-aos-duration=\"1000\" data-aos-easing=\"ease-in-out\">Soluzioni<\/p>\n\n\n\n<h2 class=\"gb-text gb-text-033ea783\" data-aos=\"fade\" data-aos-duration=\"1000\" data-aos-easing=\"ease-in-out\">Scopri i nostri prodotti per il settore Automation<\/h2>\n\n\n\n<div class=\"gb-element-8716eeaf\">\n<div class=\"gb-element-8e4aa6e7\">\n<p class=\"gb-text gb-text-e4d57fec\" data-aos=\"fade\" data-aos-duration=\"1000\" data-aos-easing=\"ease-in-out\">Contattaci per migliorare l&#8217;efficienza dei tuoi processi di automazione e garantire risultati senza interruzioni.<\/p>\n\n\n\n<img decoding=\"async\" width=\"2560\" height=\"1707\" class=\"gb-media-ca499555\" alt=\"\" src=\"https:\/\/www.tecnikabel.com\/it\/wp-content\/uploads\/sites\/5\/2025\/12\/automation-solution.jpg\" title=\"automation-solution\" data-aos=\"fade\" data-aos-duration=\"1000\" data-aos-easing=\"ease-in-out\" srcset=\"https:\/\/www.tecnikabel.com\/it\/wp-content\/uploads\/sites\/5\/2025\/12\/automation-solution.jpg 2560w, https:\/\/www.tecnikabel.com\/it\/wp-content\/uploads\/sites\/5\/2025\/12\/automation-solution-300x200.jpg 300w, https:\/\/www.tecnikabel.com\/it\/wp-content\/uploads\/sites\/5\/2025\/12\/automation-solution-1024x683.jpg 1024w, https:\/\/www.tecnikabel.com\/it\/wp-content\/uploads\/sites\/5\/2025\/12\/automation-solution-768x512.jpg 768w, https:\/\/www.tecnikabel.com\/it\/wp-content\/uploads\/sites\/5\/2025\/12\/automation-solution-1536x1024.jpg 1536w, https:\/\/www.tecnikabel.com\/it\/wp-content\/uploads\/sites\/5\/2025\/12\/automation-solution-2048x1366.jpg 2048w\" sizes=\"(max-width: 2560px) 100vw, 2560px\" \/>\n<\/div>\n\n\n\n<div class=\"gb-element-f630fb03\">\n<div class=\"gb-element-ae99b8df\" data-aos=\"fade\" data-aos-duration=\"1000\" data-aos-easing=\"ease-in-out\">\n<p class=\"gb-text gb-text-11de8432 has-h3-font-size\">Catalogo<br>automation<\/p>\n\n\n\n<a class=\"gb-text gb-text-506c56f9\" href=\"https:\/\/www.tecnikabel.com\/it\/wp-content\/uploads\/sites\/5\/2026\/04\/TK_catalogo_AUTOMATION.pdf\" target=\"_blank\" rel=\"noopener\">Scarica ora<\/a>\n<\/div>\n\n\n\n<div class=\"gb-element-b446a871\" data-aos=\"fade\" data-aos-duration=\"1000\" data-aos-easing=\"ease-in-out\">\n<p class=\"gb-text gb-text-fecfb11f has-h3-font-size\">Catalogo fieldbus<\/p>\n\n\n\n<a class=\"gb-text gb-text-c22d9089\">Scarica<\/a>\n<\/div>\n<\/div>\n<\/div>\n<\/section>\n\n\n\n<section>\n<div class=\"gb-element-3cfbc122\">\n<div>\n<p class=\"gb-text has-label-font\" data-aos=\"fade\" data-aos-duration=\"1000\" data-aos-easing=\"ease-in-out\">Cablaggi su misura<\/p>\n\n\n\n<h2 class=\"gb-text gb-text-23170389\" data-aos=\"fade\" data-aos-duration=\"1000\" data-aos-easing=\"ease-in-out\">Automazione efficiente e affidabile<\/h2>\n\n\n\n<img decoding=\"async\" width=\"2560\" height=\"1440\" class=\"gb-media-9ad66181\" alt=\"\" src=\"https:\/\/www.tecnikabel.com\/it\/wp-content\/uploads\/sites\/5\/2025\/12\/custom-cables.jpg\" title=\"custom-cables\" data-aos=\"fade\" data-aos-duration=\"1000\" data-aos-easing=\"ease-in-out\" srcset=\"https:\/\/www.tecnikabel.com\/it\/wp-content\/uploads\/sites\/5\/2025\/12\/custom-cables.jpg 2560w, https:\/\/www.tecnikabel.com\/it\/wp-content\/uploads\/sites\/5\/2025\/12\/custom-cables-300x169.jpg 300w, https:\/\/www.tecnikabel.com\/it\/wp-content\/uploads\/sites\/5\/2025\/12\/custom-cables-1024x576.jpg 1024w, https:\/\/www.tecnikabel.com\/it\/wp-content\/uploads\/sites\/5\/2025\/12\/custom-cables-768x432.jpg 768w, https:\/\/www.tecnikabel.com\/it\/wp-content\/uploads\/sites\/5\/2025\/12\/custom-cables-1536x864.jpg 1536w, https:\/\/www.tecnikabel.com\/it\/wp-content\/uploads\/sites\/5\/2025\/12\/custom-cables-2048x1152.jpg 2048w\" sizes=\"(max-width: 2560px) 100vw, 2560px\" \/>\n\n\n\n<p class=\"gb-text gb-text-392d4034\" data-aos=\"fade\" data-aos-duration=\"1000\" data-aos-easing=\"ease-in-out\">Contattaci per migliorare l&#8217;efficienza dei tuoi processi di automazione e garantire risultati senza interruzioni.<\/p>\n\n\n\n<a class=\"link-chevron gb-text-d585df39\" href=\"https:\/\/www.tecnikabel.com\/it\/contattaci\/\" data-aos=\"fade\" data-aos-duration=\"1000\" data-aos-easing=\"ease-in-out\"><span class=\"gb-text\">Contattaci<\/span><span class=\"gb-shape\"><svg width=\"8\" height=\"14\" viewBox=\"0 0 8 14\" fill=\"white\" fill-opacity=\"0.0\" xmlns=\"http:\/\/www.w3.org\/2000\/svg\">\n<path d=\"M0.530395 12.8137L6.67212 6.672L0.530395 0.530274\" stroke=\"currentColor\" stroke-width=\"1.5\"><\/path>\n<\/svg><\/span><\/a>\n<\/div>\n\n\n\n<div class=\"gb-element-22f8f85a\" data-aos=\"fade\" data-aos-duration=\"1000\" data-aos-easing=\"ease-in-out\"><\/div>\n<\/div>\n<\/section>\n\n\n\n<section class=\"gb-element-b76839d0 full-width-section\" data-aos=\"fade\" data-aos-duration=\"1000\" data-aos-easing=\"ease-in-out\">\n<div class=\"gb-element-2c012fd6\">\n<div class=\"gb-element-b747bfb7\">\n<span class=\"gb-text gb-text-a6548208 has-h2-font-size\" data-aos=\"fade\" data-aos-duration=\"1000\" data-aos-easing=\"ease-in-out\">Hai un progetto?<br>Parliamone<\/span>\n<\/div>\n\n\n\n<div class=\"gb-element-4c354731\">\n<p class=\"gb-text\" data-aos=\"fade\" data-aos-duration=\"1000\" data-aos-easing=\"ease-in-out\">Contatta i nostri esperti per una consulenza personalizzata<\/p>\n\n\n\n<a class=\"gb-text gb-text-d8baa426\" href=\"https:\/\/www.tecnikabel.com\/it\/contattaci\/\" data-aos=\"fade\" data-aos-duration=\"1000\" data-aos-easing=\"ease-in-out\">Contattaci<\/a>\n<\/div>\n<\/div>\n<\/section>\n","protected":false},"excerpt":{"rendered":"<p><\/p>\n","protected":false},"author":1,"featured_media":0,"parent":179,"menu_order":0,"comment_status":"closed","ping_status":"closed","template":"","meta":{"_acf_changed":false,"inline_featured_image":false,"footnotes":""},"class_list":["post-1274","page","type-page","status-publish"],"acf":[],"_links":{"self":[{"href":"https:\/\/www.tecnikabel.com\/it\/wp-json\/wp\/v2\/pages\/1274","targetHints":{"allow":["GET"]}}],"collection":[{"href":"https:\/\/www.tecnikabel.com\/it\/wp-json\/wp\/v2\/pages"}],"about":[{"href":"https:\/\/www.tecnikabel.com\/it\/wp-json\/wp\/v2\/types\/page"}],"author":[{"embeddable":true,"href":"https:\/\/www.tecnikabel.com\/it\/wp-json\/wp\/v2\/users\/1"}],"replies":[{"embeddable":true,"href":"https:\/\/www.tecnikabel.com\/it\/wp-json\/wp\/v2\/comments?post=1274"}],"version-history":[{"count":9,"href":"https:\/\/www.tecnikabel.com\/it\/wp-json\/wp\/v2\/pages\/1274\/revisions"}],"predecessor-version":[{"id":4686,"href":"https:\/\/www.tecnikabel.com\/it\/wp-json\/wp\/v2\/pages\/1274\/revisions\/4686"}],"up":[{"embeddable":true,"href":"https:\/\/www.tecnikabel.com\/it\/wp-json\/wp\/v2\/pages\/179"}],"wp:attachment":[{"href":"https:\/\/www.tecnikabel.com\/it\/wp-json\/wp\/v2\/media?parent=1274"}],"curies":[{"name":"wp","href":"https:\/\/api.w.org\/{rel}","templated":true}]}}