{"id":177,"date":"2025-11-19T09:11:04","date_gmt":"2025-11-19T09:11:04","guid":{"rendered":"https:\/\/tecnikabel.com\/?page_id=177"},"modified":"2025-12-11T23:00:18","modified_gmt":"2025-12-11T22:00:18","slug":"prodotti","status":"publish","type":"page","link":"https:\/\/www.tecnikabel.com\/it\/prodotti\/","title":{"rendered":"Prodotti"},"content":{"rendered":"\n<section class=\"gb-element-0709d356\">\n<h1 class=\"gb-text gb-text-272fe6b3\" data-aos=\"fade\" data-aos-duration=\"1000\" data-aos-easing=\"ease-in-out\">Cavi speciali e fibra ottica: dalla progettazione alla fornitura globale<\/h1>\n\n\n\n<div class=\"gb-element-284bdbb2\" data-aos=\"fade\" data-aos-duration=\"1000\" data-aos-easing=\"ease-in-out\">\n<div class=\"gb-text right-rounded-corner-grey\"><\/div>\n\n\n\n<div class=\"gb-text-ee47364b\"><span class=\"gb-shape\"><svg xmlns=\"http:\/\/www.w3.org\/2000\/svg\" viewBox=\"0 0 19 16\">\n\t<path d=\"M 0 16 C 4 16 5 14 6 13 C 10 7 12 3 15 1 C 16 0 19 0 19 0 H 19 V 16 L 0 16\"><\/path>\n<\/svg><\/span><span class=\"gb-text\"><\/span><\/div>\n\n\n\n<p class=\"gb-text-b18cd6de\"><span class=\"gb-shape\"><svg xmlns=\"http:\/\/www.w3.org\/2000\/svg\" viewBox=\"0 0 19 16\">\n\t<path d=\"M 0 16 C 4 16 5 14 6 13 C 10 7 12 3 15 1 C 16 0 19 0 19 0 H 19 V 16 L 0 16\"><\/path>\n<\/svg><\/span><span class=\"gb-text\">Dove la Tecnica Incontra l&#8217;Innovazione. La nostra passione scorre nei cavi che costruiscono il futuro.<\/span><\/p>\n<\/div>\n\n\n\n<p class=\"gb-text gb-text-6f9c1c49\" data-aos=\"fade\" data-aos-duration=\"1000\" data-aos-easing=\"ease-in-out\">Dove la Tecnica Incontra l&#8217;Innovazione. La nostra passione scorre nei cavi che costruiscono il futuro.<\/p>\n<\/section>\n\n\n\n<section>\n<div class=\"gb-element-893f89a7\">\n<div class=\"gb-element-7b04bb67\" data-aos=\"fade\" data-aos-duration=\"1000\" data-aos-easing=\"ease-in-out\">\n<span class=\"gb-text gb-text-0c0e2909 has-label-font\">Applicazioni<\/span>\n\n\n\n<h2 class=\"gb-text\">Il tuo progetto, i nostri cavi: flessibilit\u00e0 e soluzioni per ogni applicazione.<\/h2>\n\n\n\n<p class=\"gb-text gb-text-cb39dffb\">Cavi per progetti strategici<\/p>\n\n\n\n<p class=\"gb-text\">In Tecnikabel realizziamo cavi personalizzati per i settori pi\u00f9 esigenti. Ogni prodotto nasce da un approccio tecnico e ingegneristico orientato alla performance.<\/p>\n<\/div>\n\n\n\n<div class=\"gb-element-8811ac0b\" data-aos=\"fade\" data-aos-duration=\"1000\" data-aos-easing=\"ease-in-out\">\n<a class=\"gb-text gb-text-8b61f953\" href=\"https:\/\/www.tecnikabel.com\/it\/contattaci\/\">Richiedi una consulenza specifica per il tuo settore<\/a>\n<\/div>\n<\/div>\n\n\n\n<div class=\"gb-element-e8bc24d6\">\n<a class=\"gb-element-d291a227\" href=\"https:\/\/www.tecnikabel.com\/it\/prodotti\/cavi\/cavi-per-trasporto\/\" data-aos=\"fade\" data-aos-duration=\"1000\" data-aos-easing=\"ease-in-out\">\n<p class=\"gb-text gb-text-19f11a65\">Cavi per trasporto<\/p>\n<\/a>\n\n\n\n<a class=\"gb-element-98656503\" href=\"https:\/\/www.tecnikabel.com\/it\/prodotti\/cavi\/cavi-per-difesa\/\" data-aos=\"fade\" data-aos-duration=\"1000\" data-aos-easing=\"ease-in-out\">\n<p class=\"gb-text gb-text-d95331fb\">Cavi per difesa<\/p>\n<\/a>\n\n\n\n<a class=\"gb-element-2e637ec8\" href=\"https:\/\/www.tecnikabel.com\/it\/prodotti\/cavi\/cavi-per-telecomunicazioni\/\" data-aos=\"fade\" data-aos-duration=\"1000\" data-aos-easing=\"ease-in-out\">\n<p class=\"gb-text gb-text-b25b7756\">Cavi per telecomunicazioni<\/p>\n<\/a>\n\n\n\n<a class=\"gb-element-e7f4ed05\" href=\"https:\/\/www.tecnikabel.com\/it\/prodotti\/cavi\/cavi-per-automazione\/\" data-aos=\"fade\" data-aos-duration=\"1000\" data-aos-easing=\"ease-in-out\">\n<p class=\"gb-text gb-text-cee67d58\">Cavi per automazione<\/p>\n<\/a>\n\n\n\n<a class=\"gb-element-b801004b\" href=\"https:\/\/www.tecnikabel.com\/it\/prodotti\/cavi\/cavi-per-ambienti-estremi\/\" data-aos=\"fade\" data-aos-duration=\"1000\" data-aos-easing=\"ease-in-out\">\n<p class=\"gb-text gb-text-ab92dcec\">Cavi per ambienti estremi<\/p>\n<\/a>\n\n\n\n<a class=\"gb-element-e4fd159b\" href=\"https:\/\/www.tecnikabel.com\/it\/prodotti\/cavi\/cavi-ibridi\/\" data-aos=\"fade\" data-aos-duration=\"1000\" data-aos-easing=\"ease-in-out\">\n<p class=\"gb-text gb-text-2407a464\">Cavi ibridi<\/p>\n<\/a>\n\n\n\n<a class=\"gb-element-88f2fa8e\" href=\"https:\/\/www.tecnikabel.com\/it\/prodotti\/cavi\/cavi-custom\/\" data-aos=\"fade\" data-aos-duration=\"1000\" data-aos-easing=\"ease-in-out\">\n<p class=\"gb-text gb-text-09a1112b\">Cavi custom<\/p>\n<\/a>\n<\/div>\n<\/section>\n\n\n\n<section class=\"gb-element-17d3d06d full-width-section-container\" data-aos=\"fade\" data-aos-duration=\"1000\" data-aos-easing=\"ease-in-out\">\n<div>\n<div class=\"gb-element-8adac23c\">\n<div class=\"gb-element-b3f75fca\">\n<p class=\"gb-text gb-text-cb17ad4a has-label-font\" data-aos=\"fade\" data-aos-duration=\"1000\" data-aos-easing=\"ease-in-out\">Collaborazione<\/p>\n\n\n\n<h2 class=\"gb-text gb-text-c8699c5b\" data-aos=\"fade\" data-aos-duration=\"1000\" data-aos-easing=\"ease-in-out\">Punti chiave della nostra offerta:<\/h2>\n<\/div>\n\n\n\n<div class=\"gb-element-81505320\">\n<p class=\"gb-text gb-text-dd6756b9\" data-aos=\"fade\" data-aos-duration=\"1000\" data-aos-easing=\"ease-in-out\">Ogni progetto, dal cavo standard alla soluzione in fibra ottica pi\u00f9 complessa, \u00e8 seguito con rigore tecnico e un approccio incentrato sulla personalizzazione, garantendo il massimo livello di affidabilit\u00e0 e performance.<\/p>\n\n\n\n<img decoding=\"async\" width=\"2560\" height=\"1707\" class=\"gb-media-de3ebbc3\" alt=\"\" src=\"https:\/\/www.tecnikabel.com\/wp-content\/uploads\/2025\/12\/solutions.jpg\" title=\"solutions\" data-aos=\"fade\" data-aos-duration=\"1000\" data-aos-easing=\"ease-in-out\" srcset=\"https:\/\/www.tecnikabel.com\/it\/wp-content\/uploads\/sites\/5\/2025\/12\/solutions.jpg 2560w, https:\/\/www.tecnikabel.com\/it\/wp-content\/uploads\/sites\/5\/2025\/12\/solutions-300x200.jpg 300w, https:\/\/www.tecnikabel.com\/it\/wp-content\/uploads\/sites\/5\/2025\/12\/solutions-1024x683.jpg 1024w, https:\/\/www.tecnikabel.com\/it\/wp-content\/uploads\/sites\/5\/2025\/12\/solutions-768x512.jpg 768w, https:\/\/www.tecnikabel.com\/it\/wp-content\/uploads\/sites\/5\/2025\/12\/solutions-1536x1024.jpg 1536w, https:\/\/www.tecnikabel.com\/it\/wp-content\/uploads\/sites\/5\/2025\/12\/solutions-2048x1366.jpg 2048w\" sizes=\"(max-width: 2560px) 100vw, 2560px\" \/>\n<\/div>\n\n\n\n<div class=\"gb-element-3ec7dc76\">\n<div class=\"gb-element-edadf3fc\">\n<div class=\"gb-element-fde35c3c\" data-aos=\"fade\" data-aos-duration=\"1000\" data-aos-easing=\"ease-in-out\">\n<div class=\"gb-element-a0334cd0\"><\/div>\n<\/div>\n\n\n\n<h2 class=\"gb-text gb-text-3c9a0e34 has-h4-font-size\" data-aos=\"fade\" data-aos-duration=\"1000\" data-aos-easing=\"ease-in-out\">Selezione rigorosa dei materiali<\/h2>\n<\/div>\n\n\n\n<div class=\"gb-element-d16d4f40\" data-aos=\"fade\" data-aos-duration=\"1000\" data-aos-easing=\"ease-in-out\"><\/div>\n\n\n\n<div class=\"gb-element-ddf145a0\">\n<div class=\"gb-element-264b2c4b\" data-aos=\"fade\" data-aos-duration=\"1000\" data-aos-easing=\"ease-in-out\">\n<div class=\"gb-element-704edd04\"><\/div>\n<\/div>\n\n\n\n<h2 class=\"gb-text gb-text-403b6a38 has-h4-font-size\" data-aos=\"fade\" data-aos-duration=\"1000\" data-aos-easing=\"ease-in-out\">Conformit\u00e0 normativa globale<\/h2>\n<\/div>\n\n\n\n<div class=\"gb-element-dad2cc88\">\n<div class=\"gb-element-1bf750f1\" data-aos=\"fade\" data-aos-duration=\"1000\" data-aos-easing=\"ease-in-out\">\n<div class=\"gb-element-2e11dfef\"><\/div>\n<\/div>\n\n\n\n<h2 class=\"gb-text gb-text-faf5e054 has-h4-font-size\" data-aos=\"fade\" data-aos-duration=\"1000\" data-aos-easing=\"ease-in-out\">Supporto tecnico dedicato e continuo<\/h2>\n\n\n\n<a class=\"gb-text gb-text-c1fed10a\" href=\"https:\/\/www.tecnikabel.com\/it\/contattaci\/\" data-aos=\"fade\" data-aos-duration=\"1000\" data-aos-easing=\"ease-in-out\">Richiedi una consulenza<\/a>\n<\/div>\n<\/div>\n<\/div>\n<\/div>\n<\/section>\n\n\n\n<section>\n<div class=\"gb-element-3cfbc122\">\n<div class=\"gb-element-22f8f85a\" data-aos=\"fade\" data-aos-duration=\"1000\" data-aos-easing=\"ease-in-out\"><\/div>\n\n\n\n<div>\n<p class=\"gb-text has-label-font\" data-aos=\"fade\" data-aos-duration=\"1000\" data-aos-easing=\"ease-in-out\">Problem solving<\/p>\n\n\n\n<h2 class=\"gb-text gb-text-23170389\" data-aos=\"fade\" data-aos-duration=\"1000\" data-aos-easing=\"ease-in-out\">Lavoriamo a stretto contatto con i nostri clienti per comprendere le esigenze specifiche e sviluppare soluzioni mirate.<\/h2>\n\n\n\n<img decoding=\"async\" width=\"2560\" height=\"1440\" class=\"gb-media-9ad66181\" alt=\"\" src=\"https:\/\/www.tecnikabel.com\/wp-content\/uploads\/2025\/12\/custom-cables.jpg\" title=\"custom-cables\" data-aos=\"fade\" data-aos-duration=\"1000\" data-aos-easing=\"ease-in-out\" srcset=\"https:\/\/www.tecnikabel.com\/it\/wp-content\/uploads\/sites\/5\/2025\/12\/custom-cables.jpg 2560w, https:\/\/www.tecnikabel.com\/it\/wp-content\/uploads\/sites\/5\/2025\/12\/custom-cables-300x169.jpg 300w, https:\/\/www.tecnikabel.com\/it\/wp-content\/uploads\/sites\/5\/2025\/12\/custom-cables-1024x576.jpg 1024w, https:\/\/www.tecnikabel.com\/it\/wp-content\/uploads\/sites\/5\/2025\/12\/custom-cables-768x432.jpg 768w, https:\/\/www.tecnikabel.com\/it\/wp-content\/uploads\/sites\/5\/2025\/12\/custom-cables-1536x864.jpg 1536w, https:\/\/www.tecnikabel.com\/it\/wp-content\/uploads\/sites\/5\/2025\/12\/custom-cables-2048x1152.jpg 2048w\" sizes=\"(max-width: 2560px) 100vw, 2560px\" \/>\n\n\n\n<p class=\"gb-text gb-text-392d4034\" data-aos=\"fade\" data-aos-duration=\"1000\" data-aos-easing=\"ease-in-out\">Siamo progettisti oltre che produttori, e trasformiamo esigenze complesse in soluzioni tecniche reali, efficaci e testate. La nostra capacit\u00e0 di progettare con flessibilit\u00e0 \u00e8 uno dei tratti distintivi. Non ci fermiamo davanti a vincoli o limitazioni: troviamo sempre una via, adattiamo, ottimizziamo, risolviamo.<\/p>\n\n\n\n<a class=\"link-chevron gb-text-d585df39\" href=\"https:\/\/www.tecnikabel.com\/it\/contattaci\/\" data-aos=\"fade\" data-aos-duration=\"1000\" data-aos-easing=\"ease-in-out\"><span class=\"gb-text\">Contattaci<\/span><span class=\"gb-shape\"><svg width=\"8\" height=\"14\" viewBox=\"0 0 8 14\" fill=\"white\" fill-opacity=\"0.0\" xmlns=\"http:\/\/www.w3.org\/2000\/svg\">\n<path d=\"M0.530395 12.8137L6.67212 6.672L0.530395 0.530274\" stroke=\"currentColor\" stroke-width=\"1.5\"><\/path>\n<\/svg><\/span><\/a>\n<\/div>\n<\/div>\n<\/section>\n\n\n\n<section class=\"gb-element-b76839d0 full-width-section\" data-aos=\"fade\" data-aos-duration=\"1000\" data-aos-easing=\"ease-in-out\">\n<div class=\"gb-element-2c012fd6\">\n<div>\n<span class=\"gb-text gb-text-a6548208 has-h2-font-size\" data-aos=\"fade\" data-aos-duration=\"1000\" data-aos-easing=\"ease-in-out\">Non trovi il prodotto<br>che stai cercando?<\/span>\n<\/div>\n\n\n\n<div class=\"gb-element-4c354731\">\n<p class=\"gb-text\" data-aos=\"fade\" data-aos-duration=\"1000\" data-aos-easing=\"ease-in-out\">Con Tecnikabel, nulla \u00e8 impossibile. Siamo qui per aiutarti a trovare la soluzione giusta<\/p>\n\n\n\n<a class=\"gb-text gb-text-d8baa426\" href=\"https:\/\/www.tecnikabel.com\/it\/contattaci\/\" data-aos=\"fade\" data-aos-duration=\"1000\" data-aos-easing=\"ease-in-out\">Contatta il nostro ufficio tecnico per una consulenza<\/a>\n<\/div>\n<\/div>\n<\/section>\n","protected":false},"excerpt":{"rendered":"<p><\/p>\n","protected":false},"author":1,"featured_media":3823,"parent":0,"menu_order":0,"comment_status":"closed","ping_status":"closed","template":"","meta":{"_acf_changed":false,"inline_featured_image":false,"footnotes":""},"class_list":["post-177","page","type-page","status-publish","has-post-thumbnail"],"acf":[],"_links":{"self":[{"href":"https:\/\/www.tecnikabel.com\/it\/wp-json\/wp\/v2\/pages\/177","targetHints":{"allow":["GET"]}}],"collection":[{"href":"https:\/\/www.tecnikabel.com\/it\/wp-json\/wp\/v2\/pages"}],"about":[{"href":"https:\/\/www.tecnikabel.com\/it\/wp-json\/wp\/v2\/types\/page"}],"author":[{"embeddable":true,"href":"https:\/\/www.tecnikabel.com\/it\/wp-json\/wp\/v2\/users\/1"}],"replies":[{"embeddable":true,"href":"https:\/\/www.tecnikabel.com\/it\/wp-json\/wp\/v2\/comments?post=177"}],"version-history":[{"count":5,"href":"https:\/\/www.tecnikabel.com\/it\/wp-json\/wp\/v2\/pages\/177\/revisions"}],"predecessor-version":[{"id":3846,"href":"https:\/\/www.tecnikabel.com\/it\/wp-json\/wp\/v2\/pages\/177\/revisions\/3846"}],"wp:featuredmedia":[{"embeddable":true,"href":"https:\/\/www.tecnikabel.com\/it\/wp-json\/wp\/v2\/media\/3823"}],"wp:attachment":[{"href":"https:\/\/www.tecnikabel.com\/it\/wp-json\/wp\/v2\/media?parent=177"}],"curies":[{"name":"wp","href":"https:\/\/api.w.org\/{rel}","templated":true}]}}