{"id":3,"date":"2025-11-13T11:25:06","date_gmt":"2025-11-13T11:25:06","guid":{"rendered":"https:\/\/tecnikabel.com\/?page_id=3"},"modified":"2025-12-11T21:55:51","modified_gmt":"2025-12-11T20:55:51","slug":"privacy-policy","status":"publish","type":"page","link":"https:\/\/www.tecnikabel.com\/it\/privacy-policy\/","title":{"rendered":"Privacy Policy"},"content":{"rendered":"\n<section class=\"gb-element-b7597e10 full-width-section\">\n<div class=\"gb-element-28f10f47\" data-aos=\"fade\" data-aos-duration=\"1000\" data-aos-easing=\"ease-in-out\">\n<div class=\"gb-element-7a0f550a\">\n<h1 class=\"gb-text gb-text-c328fad0\" data-aos=\"fade\" data-aos-duration=\"1000\" data-aos-easing=\"ease-in-out\">Privacy Policy<\/h1>\n<\/div>\n\n\n\n<div class=\"gb-element-43db6ac4 gradient-border from-right-to-left only-from-tablet\"><\/div>\n\n\n\n<div>\n<p class=\"gb-text gb-text-8e782d6e sigma-line\"><\/p>\n<\/div>\n\n\n\n<div class=\"gb-element-f9b1eff6 gradient-border from-left-to-right\"><\/div>\n<\/div>\n<\/section>\n\n\n\n<section>\n<p class=\"gb-text gb-text-eba85b56\" data-aos=\"fade\" data-aos-duration=\"1000\" data-aos-easing=\"ease-in-out\">La presente per informarVi che presso&nbsp;la&nbsp;TECNIKABEL&nbsp;SpA&nbsp;viene effettuato il trattamento dei Suoi\/Vostri dati personali nel rispetto del Regolamento UE 679\/2016.&nbsp;<br><br>I dati sono inseriti nelle Ns. banche dati se del caso anche in seguito all\u2019acquisizione del Suo\/Vostro consenso.&nbsp;<br><br>Il&nbsp;<strong>Titolare del trattamento<\/strong>&nbsp;\u00e8 la&nbsp;TECNIKABEL&nbsp;SpA&nbsp;in persona del legale rappresentante&nbsp;<em>pro tempore<\/em>&nbsp;Matteo Marini, domiciliato&nbsp;per la carica&nbsp;in Volpiano (TO), Via Brandizzo n. 243&nbsp;&#8211; <a href=\"mailto:mailto:privacy@tecnikabel.it\">privacy@tecnikabel.it&nbsp;<\/a><\/p>\n\n\n\n<div class=\"gb-element-e6276fbd\">\n<div data-aos=\"fade\" data-aos-duration=\"1000\" data-aos-easing=\"ease-in-out\">\n<p class=\"gb-text gb-text-7ff834cd\" data-aos=\"fade\" data-aos-duration=\"1000\" data-aos-easing=\"ease-in-out\">Finalit\u00e0 del trattamento<\/p>\n<\/div>\n\n\n\n<div data-aos=\"fade\" data-aos-duration=\"1000\" data-aos-easing=\"ease-in-out\">\n<ul class=\"wp-block-list\">\n<li>Navigazione sito web<\/li>\n\n\n\n<li>Erogazione dei Servizi richiesti&nbsp;<\/li>\n\n\n\n<li>Adempimenti precontrattuali e contrattuali<\/li>\n\n\n\n<li>Registrazione e creazione del Suo\/Vostro profilo, correlati adempimenti amministrativi e gestionali&nbsp;<\/li>\n\n\n\n<li>Prevenzione di condotte fraudolente attraverso un&nbsp;sistema&nbsp;di controllo automatico che comporta il rilevamento e l\u2019analisi di comportamenti degli utenti sul sito associata al trattamento di dati personali quali ad esempio l\u2019indirizzo IP.&nbsp;<\/li>\n<\/ul>\n<\/div>\n\n\n\n<div data-aos=\"fade\" data-aos-duration=\"1000\" data-aos-easing=\"ease-in-out\">\n<p class=\"gb-text gb-text-960bde04\" data-aos=\"fade\" data-aos-duration=\"1000\" data-aos-easing=\"ease-in-out\">Altre finalit\u00e0 di trattamento<\/p>\n<\/div>\n\n\n\n<div data-aos=\"fade\" data-aos-duration=\"1000\" data-aos-easing=\"ease-in-out\">\n<ul class=\"wp-block-list\">\n<li><strong>Marketing diretto<\/strong><br>&nbsp;&nbsp;&nbsp;&nbsp;<br>il Titolare \u00e8 tenuto alla raccolta del consenso al trattamento&nbsp;di&nbsp;trasmissione messaggi promozionali per posta elettronica a condizione che:&nbsp;\n<ul class=\"wp-block-list\">\n<li>la mail sia indicata dal Cliente nel contesto della vendita di un prodotto o di un servizio, e quindi, ad esempio, in fase di compilazione del modulo d\u2019ordine o nel contratto di servizi;&nbsp;<\/li>\n\n\n\n<li>i messaggi devono essere inviati a fini di vendita diretta di prodotti e\/o servizi forniti dal Titolare (e non da terzi);&nbsp;&nbsp;<\/li>\n\n\n\n<li>il prodotto o il servizio devono essere analoghi a quelli gi\u00e0 acquistati dall&#8217;interessato;&nbsp;&nbsp;<\/li>\n\n\n\n<li>il destinatario non deve aver rifiutato all&#8217;inizio o nel corso di ulteriori comunicazioni tale invio di comunicazioni promozionali;&nbsp;&nbsp;<\/li>\n\n\n\n<li>il destinatario deve avere la possibilit\u00e0 di opporsi al trattamento dei dati in ogni momento, gratuitamente e in maniera agevole.&nbsp;&nbsp;<\/li>\n<\/ul>\n<\/li>\n\n\n\n<li><strong>Customer&nbsp;satisfaction<\/strong><br><br>Valutiamo il grado di soddisfazione dei nostri Clienti nei confronti di un prodotto, servizio e\/o della nostra realt\u00e0 di impresa. Il grado di soddisfazione dei nostri Clienti si misura con dei test specifici e i dati ottenuti grazie a&nbsp;questionari dedicati&nbsp;che possono aiutarci ad individuare i nostri punti di forza e gli aspetti di business e tipologia di prodotti che devono essere migliorati.&nbsp;Il Titolare \u00e8 tenuto alla raccolta del consenso al trattamento<br><br><\/li>\n\n\n\n<li>Per la <strong>profilazione dell&#8217;Interessato<\/strong> operata dalla Tecnikabel S.p.A. e\/o da soggetti terzi al fine di rendere le attivit\u00e0 promozionali sopra indicate meglio focalizzate sulle esigenze, le abitudini e gli interessi degli Interessati e lo svolgimento di attivit\u00e0 preparatorie e\/o funzionali alla corretta esecuzione di tali iniziative promozionali.&nbsp;Il Titolare \u00e8 tenuto alla raccolta del consenso al trattamento.&nbsp;<\/li>\n<\/ul>\n<\/div>\n\n\n\n<div data-aos=\"fade\" data-aos-duration=\"1000\" data-aos-easing=\"ease-in-out\">\n<p class=\"gb-text gb-text-a89ef4b0\" data-aos=\"fade\" data-aos-duration=\"1000\" data-aos-easing=\"ease-in-out\">Base giuridica del trattamento<\/p>\n<\/div>\n\n\n\n<div data-aos=\"fade\" data-aos-duration=\"1000\" data-aos-easing=\"ease-in-out\">\n<p class=\"gb-text gb-text-b05f4eb3\" data-aos=\"fade\" data-aos-duration=\"1000\" data-aos-easing=\"ease-in-out\">Interesse legittimo del Titolare del trattamento, adempimenti ammnistrativi e obblighi di legge, misure precontrattuali e contrattuali, consenso.<br><br>Il conferimento dei Suoi\/Vostri Dati Personali per le finalit\u00e0 sopra indicate \u00e8 facoltativo, ma in difetto non sar\u00e0 possibile perfezionare il contratto.&nbsp;<\/p>\n<\/div>\n\n\n\n<div data-aos=\"fade\" data-aos-duration=\"1000\" data-aos-easing=\"ease-in-out\">\n<p class=\"gb-text gb-text-546e2cd9\" data-aos=\"fade\" data-aos-duration=\"1000\" data-aos-easing=\"ease-in-out\">Dati raccolti<\/p>\n<\/div>\n\n\n\n<div data-aos=\"fade\" data-aos-duration=\"1000\" data-aos-easing=\"ease-in-out\">\n<p class=\"gb-text gb-text-68979c68\" data-aos=\"fade\" data-aos-duration=\"1000\" data-aos-easing=\"ease-in-out\">I dati raccolti rientrano nella categoria dei dati:&nbsp;<\/p>\n\n\n\n<ul class=\"wp-block-list\">\n<li><strong>Dato personale<\/strong>: qualsiasi informazione riguardante una persona fisica identificata o identificabile (\u00abinteressato\u00bb); si considera identificabile la persona fisica che pu\u00f2 essere identificata, direttamente o indirettamente, con particolare riferimento a un identificativo come il nome, un numero di identificazione, dati relativi all&#8217;ubicazione, un identificativo online o a uno o pi\u00f9 elementi caratteristici della sua identit\u00e0 fisica, fisiologica, genetica, psichica, economica, culturale o sociale<\/li>\n\n\n\n<li>Smoke\/acid emissions and combustion.<\/li>\n\n\n\n<li>Drafting of DoP documents.&nbsp;<\/li>\n<\/ul>\n\n\n\n<p class=\"gb-text gb-text-41fc7b78\" data-aos=\"fade\" data-aos-duration=\"1000\" data-aos-easing=\"ease-in-out\">I sistemi&nbsp;informatici&nbsp;e le procedure\u202fsoftware\u202fpreposte al funzionamento del sito web\u202fTECNIKABEL S.p.A.&nbsp;acquisiscono, nel corso del loro normale esercizio, alcuni dati personali la cui trasmissione \u00e8 implicita nell&#8217;uso dei protocolli di comunicazione di Internet. Si tratta di informazioni che non sono raccolte per essere associate a interessati identificati, ma che per loro stessa natura potrebbero, attraverso elaborazioni ed associazioni con dati detenuti da terzi, permettere di identificare gli utenti. In questa categoria di dati rientrano gli indirizzi IP o i nomi a dominio dei computer utilizzati dagli utenti che si connettono al sito, gli indirizzi, l&#8217;orario della richiesta, il metodo utilizzato nel sottoporre la richiesta al server, la dimensione del file ottenuto in risposta, il codice numerico indicante lo stato della risposta data dal\u202fserver\u202f(buon fine, errore, ecc.) ed altri parametri relativi al sistema operativo e all&#8217;ambiente informatico dell&#8217;utente.&nbsp;<br>Questi dati vengono utilizzati al solo fine di ricavare informazioni statistiche anonime sull&#8217;uso del sito&nbsp;web&nbsp;e per controllarne il corretto funzionamento e vengono cancellati immediatamente dopo l&#8217;elaborazione.&nbsp;&nbsp;<\/p>\n<\/div>\n\n\n\n<div data-aos=\"fade\" data-aos-duration=\"1000\" data-aos-easing=\"ease-in-out\">\n<p class=\"gb-text gb-text-fdd7458a\" data-aos=\"fade\" data-aos-duration=\"1000\" data-aos-easing=\"ease-in-out\">Finalit\u00e0<\/p>\n<\/div>\n\n\n\n<div data-aos=\"fade\" data-aos-duration=\"1000\" data-aos-easing=\"ease-in-out\">\n<p class=\"gb-text gb-text-53fb5a53\" data-aos=\"fade\" data-aos-duration=\"1000\" data-aos-easing=\"ease-in-out\">Il trattamento dei dati raccolti&nbsp;attraverso il nostro&nbsp;sito&nbsp;web,&nbsp;oltre&nbsp;alle finalit\u00e0 connesse, strumentali e necessarie alla fornitura dei servizi, \u00e8 volto alle seguenti finalit\u00e0:&nbsp;<br><br><\/p>\n\n\n\n<ul class=\"wp-block-list\">\n<li><strong>Statistica&nbsp;(analisi)<\/strong><br>Raccolta di dati e informazioni in forma esclusivamente aggregata e anonima al fine di verificare il corretto funzionamento del sito. Nessuna di queste informazioni \u00e8 correlata alla persona fisica-Utente del sito, e non ne consentono in alcun modo l\u2019identificazione.&nbsp;<\/li>\n\n\n\n<li><strong>Sicurezza<\/strong><br>&nbsp;Raccolta di dati e informazioni al fine di tutelare la sicurezza del sito (filtri antispam, firewall, rilevazione virus) e degli Utenti e per prevenire o smascherare frodi o abusi a danno del sito web. I dati sono registrati automaticamente e possono eventualmente comprendere anche dati personali (indirizzo&nbsp;Ip) che potrebbero essere utilizzati, conformemente alle leggi vigenti in materia, al fine di bloccare tentativi di danneggiamento al sito medesimo o di recare danno ad altri utenti, o comunque attivit\u00e0 dannose o costituenti reato. Tali dati non sono mai utilizzati per l\u2019identificazione o la profilazione dell\u2019Utente e&nbsp;vengono cancellati periodicamente.&nbsp;<\/li>\n<\/ul>\n<\/div>\n\n\n\n<div data-aos=\"fade\" data-aos-duration=\"1000\" data-aos-easing=\"ease-in-out\">\n<p class=\"gb-text gb-text-dc3fd1eb\" data-aos=\"fade\" data-aos-duration=\"1000\" data-aos-easing=\"ease-in-out\">Modalit\u00e0 di trattamento<\/p>\n<\/div>\n\n\n\n<div data-aos=\"fade\" data-aos-duration=\"1000\" data-aos-easing=\"ease-in-out\">\n<p class=\"gb-text gb-text-74526616\" data-aos=\"fade\" data-aos-duration=\"1000\" data-aos-easing=\"ease-in-out\"><strong>Dati raccolti in maniera&nbsp;automatizzata&nbsp;<\/strong><br><br>Durante la navigazione degli Utenti possono essere raccolte le seguenti informazioni che vengono conservate nei file di log del server (hosting) del sito:&nbsp;<\/p>\n\n\n\n<ul class=\"wp-block-list\">\n<li>indirizzo&nbsp;internet&nbsp;protocol&nbsp;(IP);&nbsp;<\/li>\n\n\n\n<li>tipo di browser;&nbsp;<\/li>\n\n\n\n<li>parametri del dispositivo usato per connettersi al sito;&nbsp;<\/li>\n\n\n\n<li>nome dell\u2019internet service provider (ISP);&nbsp;<\/li>\n\n\n\n<li>data e orario di visita;&nbsp;<\/li>\n\n\n\n<li>pagina web di provenienza del visitatore (referral) e di uscita;&nbsp;<\/li>\n\n\n\n<li>eventualmente il numero di click.&nbsp;<\/li>\n<\/ul>\n\n\n\n<p class=\"gb-text gb-text-f81038f1\" data-aos=\"fade\" data-aos-duration=\"1000\" data-aos-easing=\"ease-in-out\">Questi dati sono utilizzati a fini di statistica e analisi, in forma esclusivamente aggregata. L\u2019indirizzo IP \u00e8 utilizzato esclusivamente a fini di sicurezza e non \u00e8 incrociato con nessun altro dato.&nbsp;<\/p>\n<\/div>\n\n\n\n<div data-aos=\"fade\" data-aos-duration=\"1000\" data-aos-easing=\"ease-in-out\">\n<p class=\"gb-text gb-text-6d71dc70\" data-aos=\"fade\" data-aos-duration=\"1000\" data-aos-easing=\"ease-in-out\"><strong>Categorie di soggetti ai quali i dati possono essere comunicat<\/strong>i<\/p>\n<\/div>\n\n\n\n<div data-aos=\"fade\" data-aos-duration=\"1000\" data-aos-easing=\"ease-in-out\">\n<p class=\"gb-text\">I dati raccolti dal sito&nbsp;web&nbsp;sono trattati presso la sede del&nbsp;Titolare&nbsp;del trattamento e sono custoditi e curati dal personale tecnico, oppure da eventuali incaricati di&nbsp;occasionali operazioni di manutenzione.<br>&nbsp;<br>Nessun dato derivante dal servizio web viene comunicato o diffuso all\u2019esterno della Societ\u00e0. I dati personali forniti dagli utenti che inoltrano richieste di informazioni sono utilizzati al solo fine di eseguire il servizio richiesto e sono comunicati a terzi nel solo caso in cui ci\u00f2 sia a tal fine necessario, ad esempio in favore di&nbsp;societ\u00e0 controllate \/collegate. I dati rilevati dal sito possono essere forniti a terzi in caso di legittima richiesta da parte dell\u2019autorit\u00e0 giudiziaria e nei soli casi previsti dalla legge&nbsp;nonch\u00e8&nbsp;per l\u2019esecuzione di controlli di sicurezza o di ottimizzazione del sito&nbsp;web.&nbsp;In osservanza della normativa di settore vigente i terzi destinatari possono essere nominati&nbsp;Autorizzato al trattamento dei dati e\/o Responsabile esterno del trattamento.&nbsp;<\/p>\n<\/div>\n\n\n\n<div data-aos=\"fade\" data-aos-duration=\"1000\" data-aos-easing=\"ease-in-out\">\n<p class=\"gb-text gb-text-e912c360\" data-aos=\"fade\" data-aos-duration=\"1000\" data-aos-easing=\"ease-in-out\"><strong>Trasferimento dei dati&nbsp;&nbsp;<\/strong>&nbsp;<\/p>\n<\/div>\n\n\n\n<div data-aos=\"fade\" data-aos-duration=\"1000\" data-aos-easing=\"ease-in-out\">\n<p class=\"gb-text\">I dati sono conservati presso i server del Titolare&nbsp;del trattamento, ovvero presso&nbsp;societ\u00e0&nbsp;terze, nominate responsabili esterni del trattamento elaborando i dati per conto del Titolare, i cui server sono posti all&#8217;interno dello spazio economico europeo.&nbsp;In caso di trasferimento extra UE, saranno sottoscritte clausole contrattuali standard contenute nella Decisione 2021\/914\/UE e nei provvedimenti del Garante per la protezione dei Dati personali, nonch\u00e9 secondo quanto stabilito dall&#8217;art. 46 del Regolamento UE 679\/2016.&nbsp;&nbsp;<br><br>Il sito potrebbe condividere&nbsp;alcuni&nbsp;dei dati raccolti con servizi localizzati al di fuori dell\u2019area dell\u2019Unione Europea ed in particolare Google, Facebook e Microsoft (LinkedIn) tramite i social plug-in e il servizio di Google Analytics.&nbsp;&nbsp;<\/p>\n<\/div>\n\n\n\n<div data-aos=\"fade\" data-aos-duration=\"1000\" data-aos-easing=\"ease-in-out\">\n<p class=\"gb-text gb-text-849381f9\" data-aos=\"fade\" data-aos-duration=\"1000\" data-aos-easing=\"ease-in-out\"><strong>Periodo di conservazione dei dati<\/strong><\/p>\n<\/div>\n\n\n\n<div data-aos=\"fade\" data-aos-duration=\"1000\" data-aos-easing=\"ease-in-out\">\n<p class=\"gb-text\">I dati (indirizzo IP) utilizzati a fini di sicurezza del sito (blocco tentativi di danneggiare il sito) sono conservati per&nbsp;7&nbsp;giorni. I dati raccolti dal sito&nbsp;web&nbsp;durante il funzionamento sono conservati all\u2019intervenuto conseguimento delle finalit\u00e0 per le quali sono stati raccolti&nbsp;i dati trattati per le&nbsp;finalita&#8217;&nbsp;primarie del trattamento saranno conservati per dieci anni come previsto dalle leggi in vigore (fiscali, civilistiche, antiriciclaggio), ovvero fino al temine di validit\u00e0 ed efficacia del rapporto contrattuale e correlati termini prescrizionali\/decadenza, salvo interesse legittimo del Titolare, ovvero per adempimenti ex lege.&nbsp;Alla scadenza i dati saranno cancellati o anonimizzati, a meno che non sussistano ulteriori finalit\u00e0 per la conservazione degli stessi. I dati personali possono essere conservati per periodi pi\u00f9 lunghi a condizione che siano trattati esclusivamente a fini di archiviazione&nbsp;per&nbsp;fini statistici, conformemente all\u2019articolo 89, paragrafo 1, fatta salva l\u2019attuazione di&nbsp;misure tecniche e organizzative&nbsp;adeguate a tutela dei diritti e delle libert\u00e0 dell\u2019interessato.&nbsp;<br><br><strong>Altre finalit\u00e0<\/strong>&nbsp;<br>Marketing diretto\/Customer&nbsp;satisfaction:&nbsp;per&nbsp;un periodo massimo pari a 24 mesi dall&#8217;espressione del consenso da parte dell&#8217;Interessato.&nbsp;<br>Attivit\u00e0 di profilazione: per un periodo massimo pari a 12 mesi dall&#8217;espressione del&nbsp;consenso&nbsp;da parte dell&#8217;Interessato.&nbsp;<\/p>\n<\/div>\n\n\n\n<div data-aos=\"fade\" data-aos-duration=\"1000\" data-aos-easing=\"ease-in-out\">\n<p class=\"gb-text gb-text-807be595\" data-aos=\"fade\" data-aos-duration=\"1000\" data-aos-easing=\"ease-in-out\"><strong><strong>Diritti dell\u2019interessato<\/strong>&nbsp;<\/strong><\/p>\n<\/div>\n\n\n\n<div data-aos=\"fade\" data-aos-duration=\"1000\" data-aos-easing=\"ease-in-out\">\n<p class=\"gb-text\">L\u2019Interessato pu\u00f2&nbsp;esercitare i&nbsp;propri&nbsp;diritti, cos\u00ec come previsti dal Regolamento UE 679\/2016 e dal D. lgs 196\/2003&nbsp;s.m.&amp;i. e pertanto: chiedere l&#8217;accesso ai dati personali, la rettifica o la cancellazione degli stessi, la limitazione del trattamento, l\u2019opposizione al trattamento,&nbsp;il diritto alla portabilit\u00e0 dei dati o ancora il diritto di non essere sottoposto&nbsp;a una decisione basata unicamente su trattamento automatizzato.&nbsp;<br>Nell\u2019evenienza in cui il trattamento sia basato sull\u2019articolo 6, paragrafo 1, lettera a)&nbsp;vige&nbsp;il diritto di revocare il consenso in qualsiasi momento senza pregiudicare la liceit\u00e0 del trattamento basata sul consenso prestato prima della revoca.&nbsp;<br>I diritti di cui sopra possono essere esercitati inviando la richiesta al Titolare del trattamento:&nbsp;&nbsp;<a href=\"mailto:privacy@tecnikabel.it\">privacy@tecnikabel.it&nbsp;<\/a><br>L\u2019Interessato ha&nbsp;inoltre il diritto di proporre reclamo a un&#8217;autorit\u00e0 di controllo.&nbsp;&nbsp;<br><br>Se le richieste dell\u2019Interessato sono manifestamente infondate o eccessive, in particolare per il loro carattere ripetitivo, il Titolare del trattamento pu\u00f2:&nbsp;<br>a) addebitare un contributo spese ragionevole tenendo conto dei costi amministrativi sostenuti per fornire le informazioni o la comunicazione o intraprendere l\u2019azione richiesta; oppure&nbsp;<br>b) rifiutare di soddisfare la richiesta. Incombe al Titolare del trattamento l\u2019onere di dimostrare il carattere manifestamente infondato o eccessivo della richiesta.&nbsp;<br>Il Titolare del trattamento dei dati potrebbe inoltre apportare modifiche e\/o integrazioni alla presente informativa, anche quale conseguenza di eventuali successive modifiche e\/o integrazioni normative vigenti in materia. Qualora sostanziali, le modifiche saranno notificate in anticipo e l&#8217;Interessato potr\u00e0 visionare il testo della privacy policy puntualmente aggiornata e pubblicata&nbsp;sul&nbsp; sito&nbsp;web.&nbsp;<\/p>\n<\/div>\n\n\n\n<div data-aos=\"fade\" data-aos-duration=\"1000\" data-aos-easing=\"ease-in-out\">\n<p class=\"gb-text gb-text-2fba5ff3\" data-aos=\"fade\" data-aos-duration=\"1000\" data-aos-easing=\"ease-in-out\"><strong><strong>Cookie policy<\/strong><\/strong><\/p>\n<\/div>\n\n\n\n<div data-aos=\"fade\" data-aos-duration=\"1000\" data-aos-easing=\"ease-in-out\">\n<p class=\"gb-text\">Per informazioni relative all\u2019installazione e all\u2019uso dei cookie da parte del presente Sito, si rimanda alla \u202f<a href=\"https:\/\/www.tecnikabel.com\/cookie-policy\/\" data-type=\"page\" data-id=\"4403\" target=\"_blank\" rel=\"noreferrer noopener\">Cookie Policy<\/a>\u202f applicabile.&nbsp;<\/p>\n<\/div>\n<\/div>\n\n\n\n<p class=\"gb-text\" data-aos=\"fade\" data-aos-duration=\"1000\" data-aos-easing=\"ease-in-out\"><em>La presente privacy policy \u00e8 aggiornata alla data del 12.2025<\/em>&nbsp;<\/p>\n<\/section>\n\n\n\n<section class=\"gb-element-b76839d0 full-width-section\" data-aos=\"fade\" data-aos-duration=\"1000\" data-aos-easing=\"ease-in-out\"><\/section>\n\n\n\n<p><\/p>\n","protected":false},"excerpt":{"rendered":"<p><\/p>\n","protected":false},"author":1,"featured_media":0,"parent":0,"menu_order":0,"comment_status":"closed","ping_status":"closed","template":"","meta":{"_acf_changed":false,"inline_featured_image":false,"footnotes":""},"class_list":["post-3","page","type-page","status-publish"],"acf":[],"_links":{"self":[{"href":"https:\/\/www.tecnikabel.com\/it\/wp-json\/wp\/v2\/pages\/3","targetHints":{"allow":["GET"]}}],"collection":[{"href":"https:\/\/www.tecnikabel.com\/it\/wp-json\/wp\/v2\/pages"}],"about":[{"href":"https:\/\/www.tecnikabel.com\/it\/wp-json\/wp\/v2\/types\/page"}],"author":[{"embeddable":true,"href":"https:\/\/www.tecnikabel.com\/it\/wp-json\/wp\/v2\/users\/1"}],"replies":[{"embeddable":true,"href":"https:\/\/www.tecnikabel.com\/it\/wp-json\/wp\/v2\/comments?post=3"}],"version-history":[{"count":2,"href":"https:\/\/www.tecnikabel.com\/it\/wp-json\/wp\/v2\/pages\/3\/revisions"}],"predecessor-version":[{"id":3898,"href":"https:\/\/www.tecnikabel.com\/it\/wp-json\/wp\/v2\/pages\/3\/revisions\/3898"}],"wp:attachment":[{"href":"https:\/\/www.tecnikabel.com\/it\/wp-json\/wp\/v2\/media?parent=3"}],"curies":[{"name":"wp","href":"https:\/\/api.w.org\/{rel}","templated":true}]}}