{"id":3087,"date":"2025-12-03T13:23:46","date_gmt":"2025-12-03T13:23:46","guid":{"rendered":"https:\/\/tecnikabel.com\/?page_id=3087"},"modified":"2026-02-20T12:01:18","modified_gmt":"2026-02-20T11:01:18","slug":"sostenibilita","status":"publish","type":"page","link":"https:\/\/www.tecnikabel.com\/it\/chi-siamo\/sostenibilita\/","title":{"rendered":"Sostenibilit\u00e0"},"content":{"rendered":"\n<section class=\"gb-element-0709d356\">\n<h1 class=\"gb-text gb-text-272fe6b3\" data-aos=\"fade\" data-aos-duration=\"1000\" data-aos-easing=\"ease-in-out\">Impegno per la sostenibilit\u00e0<\/h1>\n\n\n\n<div class=\"gb-element-284bdbb2\" data-aos=\"fade\" data-aos-duration=\"1000\" data-aos-easing=\"ease-in-out\">\n<div class=\"gb-text right-rounded-corner-grey\"><\/div>\n\n\n\n<div class=\"gb-text-ee47364b\"><span class=\"gb-shape\">\n\t\n<\/span><span class=\"gb-text\"><\/span><\/div>\n\n\n\n<p class=\"gb-text-b18cd6de\"><span class=\"gb-shape\"><svg xmlns=\"http:\/\/www.w3.org\/2000\/svg\" viewBox=\"0 0 19 16\">\n\t<path d=\"M 0 16 C 4 16 5 14 6 13 C 10 7 12 3 15 1 C 16 0 19 0 19 0 H 19 V 16 L 0 16\"><\/path>\n<\/svg><\/span><span class=\"gb-text\">In Tecnikabel, ci dedichiamo attivamente a pratiche sostenibili che rispettano l&#8217;ambiente e le comunit\u00e0. La nostra responsabilit\u00e0 sociale e di governance \u00e8 al centro di ogni decisione aziendale.<\/span><\/p>\n<\/div>\n\n\n\n<p class=\"gb-text gb-text-6f9c1c49\" data-aos=\"fade\" data-aos-duration=\"1000\" data-aos-easing=\"ease-in-out\">In Tecnikabel, ci dedichiamo attivamente a pratiche sostenibili che rispettano l&#8217;ambiente e le comunit\u00e0. La nostra responsabilit\u00e0 sociale e di governance \u00e8 al centro di ogni decisione aziendale.<\/p>\n<\/section>\n\n\n\n<section class=\"gb-element-17d3d06d full-width-section-container\" data-aos=\"fade\" data-aos-duration=\"1000\" data-aos-easing=\"ease-in-out\">\n<div>\n<div class=\"gb-element-8adac23c\">\n<div class=\"gb-element-b3f75fca\">\n<h2 class=\"gb-text gb-text-c8699c5b\" data-aos=\"fade\" data-aos-duration=\"1000\" data-aos-easing=\"ease-in-out\">Bilancio di sostenibilit\u00e0 2024<\/h2>\n<\/div>\n\n\n\n<div class=\"gb-element-81505320\">\n<p class=\"gb-text gb-text-dd6756b9\" data-aos=\"fade\" data-aos-duration=\"1000\" data-aos-easing=\"ease-in-out\">Con il secondo&nbsp;Bilancio di Sostenibilit\u00e0, il&nbsp;Gruppo Tecnikabel&nbsp;rinnova il proprio impegno verso uno&nbsp;sviluppo responsabile e duraturo, fondato su trasparenza, innovazione e rispetto per le persone e per l\u2019ambiente. Da oltre 45 anni leader nella produzione di&nbsp;cavi speciali,&nbsp;elettrici&nbsp;e&nbsp;ottici, con una presenza internazionale che abbraccia&nbsp;Europa,&nbsp;USA,&nbsp;Medio Oriente&nbsp;e&nbsp;Sud-Est Asiatico, Tecnikabel ha scelto di assumere un ruolo attivo nella&nbsp;transizione energetica e digitale, contribuendo in modo concreto alla sostenibilit\u00e0 del settore.<\/p>\n\n\n\n<img decoding=\"async\" width=\"2560\" height=\"1920\" class=\"gb-media-de3ebbc3\" alt=\"\" src=\"https:\/\/www.tecnikabel.com\/it\/wp-content\/uploads\/sites\/5\/2025\/12\/sustainability-features-scaled.png\" title=\"sustainability-features\" data-aos=\"fade\" data-aos-duration=\"1000\" data-aos-easing=\"ease-in-out\" srcset=\"https:\/\/www.tecnikabel.com\/it\/wp-content\/uploads\/sites\/5\/2025\/12\/sustainability-features-scaled.png 2560w, https:\/\/www.tecnikabel.com\/it\/wp-content\/uploads\/sites\/5\/2025\/12\/sustainability-features-300x225.png 300w, https:\/\/www.tecnikabel.com\/it\/wp-content\/uploads\/sites\/5\/2025\/12\/sustainability-features-1024x768.png 1024w, https:\/\/www.tecnikabel.com\/it\/wp-content\/uploads\/sites\/5\/2025\/12\/sustainability-features-768x576.png 768w, https:\/\/www.tecnikabel.com\/it\/wp-content\/uploads\/sites\/5\/2025\/12\/sustainability-features-1536x1152.png 1536w, https:\/\/www.tecnikabel.com\/it\/wp-content\/uploads\/sites\/5\/2025\/12\/sustainability-features-2048x1536.png 2048w\" sizes=\"(max-width: 2560px) 100vw, 2560px\" \/>\n<\/div>\n\n\n\n<div class=\"gb-element-3ec7dc76\">\n<div class=\"gb-element-edadf3fc\">\n<h2 class=\"gb-text gb-text-3c9a0e34 has-h4-font-size\" data-aos=\"fade\" data-aos-duration=\"1000\" data-aos-easing=\"ease-in-out\">Tra gli obiettivi principali:<\/h2>\n\n\n\n<p class=\"gb-text gb-text-d6c4c87f\" data-aos=\"fade\" data-aos-duration=\"1000\" data-aos-easing=\"ease-in-out\">Riduzione dell\u2019impatto ambientale, attraverso l\u2019efficientamento energetico e l\u2019installazione di un nuovo&nbsp;impianto fotovoltaico&nbsp;capace di evitare circa&nbsp;200 tonnellate di CO2&nbsp;all\u2019anno<br><br>Valorizzazione del capitale umano, con l\u2019aumento del&nbsp;10% delle ore di formazione per dipendente, la riduzione del&nbsp;20% degli infortuni&nbsp;e una maggiore&nbsp;equit\u00e0 di genere, con +15% di donne Middle Manager entro il 2025.<\/p>\n\n\n\n<p class=\"gb-text gb-text-8f8905bb\" data-aos=\"fade\" data-aos-duration=\"1000\" data-aos-easing=\"ease-in-out\">Questo documento rappresenta non solo un atto di&nbsp;trasparenza e rendicontazione ESG, ma anche una testimonianza del nostro percorso continuo verso un futuro pi\u00f9 sostenibile, costruito insieme ai nostri stakeholder.<\/p>\n\n\n\n<a class=\"gb-text gb-text-d8baa426\" href=\"https:\/\/www.tecnikabel.com\/it\/wp-content\/uploads\/sites\/5\/2025\/12\/tecnikabel-bilancio-sostenibilita-2024.pdf\" target=\"_blank\" rel=\"noopener\" data-aos=\"fade\" data-aos-duration=\"1000\" data-aos-easing=\"ease-in-out\">Esplora il bilancio di sostenibilit\u00e0<\/a>\n<\/div>\n\n\n\n<div class=\"gb-element-d8a9a558\">\n<div class=\"gb-element-639cee46\"><\/div>\n\n\n\n<div class=\"gb-element-912c05cb\" data-aos=\"fade\" data-aos-duration=\"1000\" data-aos-easing=\"ease-in-out\">\n<img decoding=\"async\" width=\"203\" height=\"260\" class=\"gb-media-834dd1bb\" alt=\"\" src=\"https:\/\/www.tecnikabel.com\/it\/wp-content\/uploads\/sites\/5\/2025\/12\/sust-prs-green-label-2025.png\" title=\"sust-prs-green-label-2025\"\/>\n\n\n\n<img decoding=\"async\" width=\"1667\" height=\"1667\" class=\"gb-media-409d2356\" alt=\"\" src=\"https:\/\/www.tecnikabel.com\/it\/wp-content\/uploads\/sites\/5\/2026\/02\/TECNIKABEL-SPA-GROUP_EV_Recognition.png\" title=\"sust-ecovadis\" srcset=\"https:\/\/www.tecnikabel.com\/it\/wp-content\/uploads\/sites\/5\/2026\/02\/TECNIKABEL-SPA-GROUP_EV_Recognition.png 1667w, https:\/\/www.tecnikabel.com\/it\/wp-content\/uploads\/sites\/5\/2026\/02\/TECNIKABEL-SPA-GROUP_EV_Recognition-300x300.png 300w, https:\/\/www.tecnikabel.com\/it\/wp-content\/uploads\/sites\/5\/2026\/02\/TECNIKABEL-SPA-GROUP_EV_Recognition-1024x1024.png 1024w, https:\/\/www.tecnikabel.com\/it\/wp-content\/uploads\/sites\/5\/2026\/02\/TECNIKABEL-SPA-GROUP_EV_Recognition-150x150.png 150w, https:\/\/www.tecnikabel.com\/it\/wp-content\/uploads\/sites\/5\/2026\/02\/TECNIKABEL-SPA-GROUP_EV_Recognition-768x768.png 768w, https:\/\/www.tecnikabel.com\/it\/wp-content\/uploads\/sites\/5\/2026\/02\/TECNIKABEL-SPA-GROUP_EV_Recognition-1536x1536.png 1536w\" sizes=\"(max-width: 1667px) 100vw, 1667px\" \/>\n\n\n\n<img decoding=\"async\" width=\"260\" height=\"260\" class=\"gb-media-3a1c7e2b\" alt=\"\" src=\"https:\/\/www.tecnikabel.com\/it\/wp-content\/uploads\/sites\/5\/2025\/12\/sust-openes.png\" title=\"sust-openes\" srcset=\"https:\/\/www.tecnikabel.com\/it\/wp-content\/uploads\/sites\/5\/2025\/12\/sust-openes.png 260w, https:\/\/www.tecnikabel.com\/it\/wp-content\/uploads\/sites\/5\/2025\/12\/sust-openes-150x150.png 150w\" sizes=\"(max-width: 260px) 100vw, 260px\" \/>\n\n\n\n<img decoding=\"async\" width=\"357\" height=\"260\" class=\"gb-media-b340fdae\" alt=\"\" src=\"https:\/\/www.tecnikabel.com\/it\/wp-content\/uploads\/sites\/5\/2025\/12\/sust-synesgy.png\" title=\"sust-synesgy\" srcset=\"https:\/\/www.tecnikabel.com\/it\/wp-content\/uploads\/sites\/5\/2025\/12\/sust-synesgy.png 357w, https:\/\/www.tecnikabel.com\/it\/wp-content\/uploads\/sites\/5\/2025\/12\/sust-synesgy-300x218.png 300w\" sizes=\"(max-width: 357px) 100vw, 357px\" \/>\n\n\n\n<img decoding=\"async\" width=\"260\" height=\"260\" class=\"gb-media-34a1764f\" alt=\"\" src=\"https:\/\/www.tecnikabel.com\/it\/wp-content\/uploads\/sites\/5\/2025\/12\/sust-cdp-discloser-2024.png\" title=\"sust-cdp-discloser-2024\" srcset=\"https:\/\/www.tecnikabel.com\/it\/wp-content\/uploads\/sites\/5\/2025\/12\/sust-cdp-discloser-2024.png 260w, https:\/\/www.tecnikabel.com\/it\/wp-content\/uploads\/sites\/5\/2025\/12\/sust-cdp-discloser-2024-150x150.png 150w\" sizes=\"(max-width: 260px) 100vw, 260px\" \/>\n<\/div>\n<\/div>\n<\/div>\n<\/div>\n<\/div>\n<\/section>\n\n\n\n<section class=\"gb-element-cdfde7f8 full-width-section-container\" data-aos=\"fade\" data-aos-duration=\"1000\" data-aos-easing=\"ease-in-out\">\n<h2 class=\"gb-text gb-text-033ea783\" data-aos=\"fade\" data-aos-duration=\"1000\" data-aos-easing=\"ease-in-out\">I benefici delle nostre azioni<\/h2>\n\n\n\n<div class=\"gb-element-8716eeaf\">\n<div class=\"gb-element-8e4aa6e7\">\n<p class=\"gb-text gb-text-e4d57fec\" data-aos=\"fade\" data-aos-duration=\"1000\" data-aos-easing=\"ease-in-out\">Ci impegniamo a creare un futuro pi\u00f9 sostenibile. Le nostre iniziative ESG mirano a ridurre l&#8217;impatto ambientale e a promuovere pratiche responsabili.<\/p>\n\n\n\n<img decoding=\"async\" width=\"2560\" height=\"1920\" class=\"gb-media-ca499555\" alt=\"\" src=\"https:\/\/www.tecnikabel.com\/it\/wp-content\/uploads\/sites\/5\/2025\/12\/sustainability-benefits-scaled.png\" title=\"sustainability-benefits\" data-aos=\"fade\" data-aos-duration=\"1000\" data-aos-easing=\"ease-in-out\" srcset=\"https:\/\/www.tecnikabel.com\/it\/wp-content\/uploads\/sites\/5\/2025\/12\/sustainability-benefits-scaled.png 2560w, https:\/\/www.tecnikabel.com\/it\/wp-content\/uploads\/sites\/5\/2025\/12\/sustainability-benefits-300x225.png 300w, https:\/\/www.tecnikabel.com\/it\/wp-content\/uploads\/sites\/5\/2025\/12\/sustainability-benefits-1024x768.png 1024w, https:\/\/www.tecnikabel.com\/it\/wp-content\/uploads\/sites\/5\/2025\/12\/sustainability-benefits-768x576.png 768w, https:\/\/www.tecnikabel.com\/it\/wp-content\/uploads\/sites\/5\/2025\/12\/sustainability-benefits-1536x1152.png 1536w, https:\/\/www.tecnikabel.com\/it\/wp-content\/uploads\/sites\/5\/2025\/12\/sustainability-benefits-2048x1536.png 2048w\" sizes=\"(max-width: 2560px) 100vw, 2560px\" \/>\n<\/div>\n\n\n\n<div class=\"gb-element-f630fb03\">\n<div class=\"gb-element-ae99b8df\" data-aos=\"fade\" data-aos-duration=\"1000\" data-aos-easing=\"ease-in-out\">\n<p class=\"gb-text gb-text-11de8432 has-h3-font-size\">Contribuiamo a un ambiente pi\u00f9 sano per tutti<\/p>\n<\/div>\n\n\n\n<div class=\"gb-element-4301359b\" data-aos=\"fade\" data-aos-duration=\"1000\" data-aos-easing=\"ease-in-out\">\n<p class=\"gb-text gb-text-dcfc8a04 has-h3-font-size\">Promuoviamo il riutilizzo e il riciclo dei materiali<\/p>\n<\/div>\n\n\n\n<div class=\"gb-element-a9d771ee\" data-aos=\"fade\" data-aos-duration=\"1000\" data-aos-easing=\"ease-in-out\">\n<p class=\"gb-text gb-text-1e0d02b2 has-h3-font-size\">Garantiamo trasparenza e responsabilit\u00e0 nelle nostre operazioni<\/p>\n<\/div>\n<\/div>\n<\/div>\n<\/section>\n\n\n\n<section class=\"gb-element-b76839d0 full-width-section-container\" data-aos=\"fade\" data-aos-duration=\"1000\" data-aos-easing=\"ease-in-out\">\n<div class=\"gb-element-2c012fd6\">\n<div>\n<span class=\"gb-text gb-text-a6548208 has-h2-font-size\" data-aos=\"fade\" data-aos-duration=\"1000\" data-aos-easing=\"ease-in-out\">Where future flows responsibly.<\/span>\n<\/div>\n\n\n\n<div class=\"gb-element-4c354731\">\n<p class=\"gb-text\" data-aos=\"fade\" data-aos-duration=\"1000\" data-aos-easing=\"ease-in-out\">La tecnologia del futuro non pu\u00f2 prescindere dalla sostenibilit\u00e0.\u2028 In Tecnikabel, innovazione e rispetto per il pianeta scorrono nello stesso cavo.<\/p>\n\n\n\n<a class=\"gb-text gb-text-c494fece\" href=\"https:\/\/www.tecnikabel.com\/it\/contattaci\/\" data-aos=\"fade\" data-aos-duration=\"1000\" data-aos-easing=\"ease-in-out\">Parliamone insieme<\/a>\n<\/div>\n<\/div>\n<\/section>\n","protected":false},"excerpt":{"rendered":"<p><\/p>\n","protected":false},"author":1,"featured_media":0,"parent":175,"menu_order":0,"comment_status":"closed","ping_status":"closed","template":"","meta":{"_acf_changed":false,"inline_featured_image":false,"footnotes":""},"class_list":["post-3087","page","type-page","status-publish"],"acf":[],"_links":{"self":[{"href":"https:\/\/www.tecnikabel.com\/it\/wp-json\/wp\/v2\/pages\/3087","targetHints":{"allow":["GET"]}}],"collection":[{"href":"https:\/\/www.tecnikabel.com\/it\/wp-json\/wp\/v2\/pages"}],"about":[{"href":"https:\/\/www.tecnikabel.com\/it\/wp-json\/wp\/v2\/types\/page"}],"author":[{"embeddable":true,"href":"https:\/\/www.tecnikabel.com\/it\/wp-json\/wp\/v2\/users\/1"}],"replies":[{"embeddable":true,"href":"https:\/\/www.tecnikabel.com\/it\/wp-json\/wp\/v2\/comments?post=3087"}],"version-history":[{"count":39,"href":"https:\/\/www.tecnikabel.com\/it\/wp-json\/wp\/v2\/pages\/3087\/revisions"}],"predecessor-version":[{"id":4424,"href":"https:\/\/www.tecnikabel.com\/it\/wp-json\/wp\/v2\/pages\/3087\/revisions\/4424"}],"up":[{"embeddable":true,"href":"https:\/\/www.tecnikabel.com\/it\/wp-json\/wp\/v2\/pages\/175"}],"wp:attachment":[{"href":"https:\/\/www.tecnikabel.com\/it\/wp-json\/wp\/v2\/media?parent=3087"}],"curies":[{"name":"wp","href":"https:\/\/api.w.org\/{rel}","templated":true}]}}