{"id":3828,"date":"2025-12-11T19:17:27","date_gmt":"2025-12-11T18:17:27","guid":{"rendered":"https:\/\/www.tecnikabel.com\/it\/?page_id=3828"},"modified":"2026-02-05T17:33:03","modified_gmt":"2026-02-05T16:33:03","slug":"cavi-per-difesa","status":"publish","type":"page","link":"https:\/\/www.tecnikabel.com\/it\/prodotti\/cavi\/cavi-per-difesa\/","title":{"rendered":"Cavi per difesa"},"content":{"rendered":"\n<section class=\"gb-element-0709d356\">\n<h1 class=\"gb-text gb-text-272fe6b3\" data-aos=\"fade\" data-aos-duration=\"1000\" data-aos-easing=\"ease-in-out\">Cavi speciali per il settore Difesa e Sicurezza<\/h1>\n\n\n\n<div class=\"gb-element-cd3d7796\" data-aos=\"fade\" data-aos-duration=\"1000\" data-aos-easing=\"ease-in-out\">\n<div class=\"gb-text right-rounded-corner-grey\"><\/div>\n\n\n\n<div class=\"gb-text-68cc00c4\"><span class=\"gb-shape\"><svg xmlns=\"http:\/\/www.w3.org\/2000\/svg\" viewBox=\"0 0 19 16\">\n\t<path d=\"M 0 16 C 4 16 5 14 6 13 C 10 7 12 3 15 1 C 16 0 19 0 19 0 H 19 V 16 L 0 16\"><\/path>\n<\/svg><\/span><span class=\"gb-text\"><\/span><\/div>\n\n\n\n<p class=\"gb-text-4c71ea61\"><span class=\"gb-shape\"><svg xmlns=\"http:\/\/www.w3.org\/2000\/svg\" viewBox=\"0 0 19 16\">\n\t<path d=\"M 0 16 C 4 16 5 14 6 13 C 10 7 12 3 15 1 C 16 0 19 0 19 0 H 19 V 16 L 0 16\"><\/path>\n<\/svg><\/span><span class=\"gb-text\">Il settore della Difesa e della Sicurezza Nazionale rappresenta un pilastro strategico in continua evoluzione. I costanti e considerevoli investimenti in tecnologie sofisticate richiedono componenti capaci di garantire prestazioni assolute e affidabilit\u00e0 totale in ogni scenario.<\/span><\/p>\n<\/div>\n\n\n\n<p class=\"gb-text gb-text-6f9c1c49\" data-aos=\"fade\" data-aos-duration=\"1000\" data-aos-easing=\"ease-in-out\">Il settore della Difesa e della Sicurezza Nazionale rappresenta un pilastro strategico in continua evoluzione. I costanti e considerevoli investimenti in tecnologie sofisticate richiedono componenti capaci di garantire prestazioni assolute e affidabilit\u00e0 totale in ogni scenario.<\/p>\n<\/section>\n\n\n\n<section class=\"gb-element-19cbfd1a full-width-section-container\">\n<div class=\"gb-element-8adac23c\">\n<div class=\"gb-element-b3f75fca\">\n<h2 class=\"gb-text gb-text-c8699c5b\" data-aos=\"fade\" data-aos-duration=\"1000\" data-aos-easing=\"ease-in-out\">Applicazioni e risultati comprovati<\/h2>\n<\/div>\n\n\n\n<div class=\"gb-element-81505320\">\n<p class=\"gb-text gb-text-dd6756b9\" data-aos=\"fade\" data-aos-duration=\"1000\" data-aos-easing=\"ease-in-out\">I nostri cavi speciali sono progettati utilizzando materiali tutti conformi alle pi\u00f9 severe normative MIL.<\/p>\n\n\n\n<img decoding=\"async\" width=\"2560\" height=\"1706\" class=\"gb-media-de3ebbc3\" alt=\"\" src=\"https:\/\/www.tecnikabel.com\/wp-content\/uploads\/2025\/12\/extreme-environment-features.jpg\" title=\"extreme-environment-features\" data-aos=\"fade\" data-aos-duration=\"1000\" data-aos-easing=\"ease-in-out\" srcset=\"https:\/\/www.tecnikabel.com\/it\/wp-content\/uploads\/sites\/5\/2025\/12\/extreme-environment-features.jpg 2560w, https:\/\/www.tecnikabel.com\/it\/wp-content\/uploads\/sites\/5\/2025\/12\/extreme-environment-features-300x200.jpg 300w, https:\/\/www.tecnikabel.com\/it\/wp-content\/uploads\/sites\/5\/2025\/12\/extreme-environment-features-1024x682.jpg 1024w, https:\/\/www.tecnikabel.com\/it\/wp-content\/uploads\/sites\/5\/2025\/12\/extreme-environment-features-768x512.jpg 768w, https:\/\/www.tecnikabel.com\/it\/wp-content\/uploads\/sites\/5\/2025\/12\/extreme-environment-features-1536x1024.jpg 1536w, https:\/\/www.tecnikabel.com\/it\/wp-content\/uploads\/sites\/5\/2025\/12\/extreme-environment-features-2048x1365.jpg 2048w\" sizes=\"(max-width: 2560px) 100vw, 2560px\" \/>\n<\/div>\n\n\n\n<div class=\"gb-element-3ec7dc76\">\n<div class=\"gb-element-edadf3fc\">\n<div class=\"gb-element-fde35c3c\" data-aos=\"fade\" data-aos-duration=\"1000\" data-aos-easing=\"ease-in-out\">\n<div class=\"gb-element-a0334cd0\"><\/div>\n<\/div>\n\n\n\n<h2 class=\"gb-text gb-text-3c9a0e34 has-h4-font-size\" data-aos=\"fade\" data-aos-duration=\"1000\" data-aos-easing=\"ease-in-out\">FEP\u00ae, ETFE, PVC, ETFE\/PUR<\/h2>\n<\/div>\n\n\n\n<div class=\"gb-element-d16d4f40\" data-aos=\"fade\" data-aos-duration=\"1000\" data-aos-easing=\"ease-in-out\"><\/div>\n<\/div>\n<\/div>\n<\/section>\n\n\n\n<section class=\"gb-element-cdfde7f8 full-width-section-container\" data-aos=\"fade\" data-aos-duration=\"1000\" data-aos-easing=\"ease-in-out\">\n<p class=\"gb-text has-label-font\" data-aos=\"fade\" data-aos-duration=\"1000\" data-aos-easing=\"ease-in-out\">Soluzioni<\/p>\n\n\n\n<h2 class=\"gb-text gb-text-033ea783\" data-aos=\"fade\" data-aos-duration=\"1000\" data-aos-easing=\"ease-in-out\">Scopri i nostri prodotti per la difesa<\/h2>\n\n\n\n<div class=\"gb-element-8716eeaf\">\n<div class=\"gb-element-8e4aa6e7\">\n<p class=\"gb-text gb-text-e4d57fec\" data-aos=\"fade\" data-aos-duration=\"1000\" data-aos-easing=\"ease-in-out\">Abbiamo investito e continuiamo a investire tempo e competenze in Ricerca &amp; Sviluppo per sperimentare e sviluppare cavi personalizzati che rispondono rigorosamente alle specifiche tecniche necessarie in questo settore.<\/p>\n\n\n\n<img decoding=\"async\" width=\"1596\" height=\"1352\" class=\"gb-media-ca499555\" alt=\"\" src=\"https:\/\/www.tecnikabel.com\/it\/wp-content\/uploads\/sites\/5\/2025\/12\/defence-cables-solutions.jpg\" title=\"defence-cables-solutions\" data-aos=\"fade\" data-aos-duration=\"1000\" data-aos-easing=\"ease-in-out\" srcset=\"https:\/\/www.tecnikabel.com\/it\/wp-content\/uploads\/sites\/5\/2025\/12\/defence-cables-solutions.jpg 1596w, https:\/\/www.tecnikabel.com\/it\/wp-content\/uploads\/sites\/5\/2025\/12\/defence-cables-solutions-300x254.jpg 300w, https:\/\/www.tecnikabel.com\/it\/wp-content\/uploads\/sites\/5\/2025\/12\/defence-cables-solutions-1024x867.jpg 1024w, https:\/\/www.tecnikabel.com\/it\/wp-content\/uploads\/sites\/5\/2025\/12\/defence-cables-solutions-768x651.jpg 768w, https:\/\/www.tecnikabel.com\/it\/wp-content\/uploads\/sites\/5\/2025\/12\/defence-cables-solutions-1536x1301.jpg 1536w\" sizes=\"(max-width: 1596px) 100vw, 1596px\" \/>\n<\/div>\n\n\n\n<div class=\"gb-element-f630fb03\">\n<div class=\"gb-element-ae99b8df\" data-aos=\"fade\" data-aos-duration=\"1000\" data-aos-easing=\"ease-in-out\">\n<p class=\"gb-text gb-text-11de8432 has-h3-font-size\">Catalogo<br>Defense<\/p>\n\n\n\n<a class=\"gb-text gb-text-506c56f9\" href=\"https:\/\/www.tecnikabel.com\/it\/wp-content\/uploads\/sites\/5\/2025\/12\/TK_copertina_Defense.jpg\" target=\"_blank\" rel=\"noopener\">Coming soon<\/a>\n<\/div>\n\n\n\n<div class=\"gb-element-a78ec8d9\" data-aos=\"fade\" data-aos-duration=\"1000\" data-aos-easing=\"ease-in-out\">\n<p class=\"gb-text gb-text-3d149ee4 has-h3-font-size\">Cavi per l&#8217;eccellenza tattica<\/p>\n\n\n\n<a class=\"gb-text gb-text-32415eb2\" href=\"https:\/\/www.tecnikabel.com\/it\/wp-content\/uploads\/sites\/5\/2026\/02\/Cables-for-tactical-excellence_Tecnikabel_Defense.pdf\" target=\"_blank\" rel=\"noopener\">Scarica ora<\/a>\n<\/div>\n<\/div>\n<\/div>\n<\/section>\n\n\n\n<section>\n<div class=\"gb-element-3cfbc122\">\n<div class=\"gb-element-22f8f85a\" data-aos=\"fade\" data-aos-duration=\"1000\" data-aos-easing=\"ease-in-out\"><\/div>\n\n\n\n<div>\n<h2 class=\"gb-text gb-text-23170389\" data-aos=\"fade\" data-aos-duration=\"1000\" data-aos-easing=\"ease-in-out\">Dove l&#8217;innovazione fluisce: cavi per le tecnologie del domani<\/h2>\n\n\n\n<img decoding=\"async\" width=\"2560\" height=\"1440\" class=\"gb-media-9ad66181\" alt=\"\" src=\"https:\/\/www.tecnikabel.com\/wp-content\/uploads\/2025\/12\/custom-cables.jpg\" title=\"custom-cables\" data-aos=\"fade\" data-aos-duration=\"1000\" data-aos-easing=\"ease-in-out\" srcset=\"https:\/\/www.tecnikabel.com\/it\/wp-content\/uploads\/sites\/5\/2025\/12\/custom-cables.jpg 2560w, https:\/\/www.tecnikabel.com\/it\/wp-content\/uploads\/sites\/5\/2025\/12\/custom-cables-300x169.jpg 300w, https:\/\/www.tecnikabel.com\/it\/wp-content\/uploads\/sites\/5\/2025\/12\/custom-cables-1024x576.jpg 1024w, https:\/\/www.tecnikabel.com\/it\/wp-content\/uploads\/sites\/5\/2025\/12\/custom-cables-768x432.jpg 768w, https:\/\/www.tecnikabel.com\/it\/wp-content\/uploads\/sites\/5\/2025\/12\/custom-cables-1536x864.jpg 1536w, https:\/\/www.tecnikabel.com\/it\/wp-content\/uploads\/sites\/5\/2025\/12\/custom-cables-2048x1152.jpg 2048w\" sizes=\"(max-width: 2560px) 100vw, 2560px\" \/>\n\n\n\n<p class=\"gb-text gb-text-392d4034\" data-aos=\"fade\" data-aos-duration=\"1000\" data-aos-easing=\"ease-in-out\">Ci impegniamo da sempre nel raggiungimento di standard di elevata qualit\u00e0, certi di offrire una gamma di cavi in linea con le pi\u00f9 moderne tecnologie e applicazioni.<\/p>\n\n\n\n<a class=\"link-chevron gb-text-d585df39\" href=\"https:\/\/www.tecnikabel.com\/it\/contattaci\/\" data-aos=\"fade\" data-aos-duration=\"1000\" data-aos-easing=\"ease-in-out\"><span class=\"gb-text\">Contattaci<\/span><span class=\"gb-shape\">\n\n<\/span><\/a>\n<\/div>\n<\/div>\n<\/section>\n\n\n\n<section class=\"gb-element-b76839d0 full-width-section\" data-aos=\"fade\" data-aos-duration=\"1000\" data-aos-easing=\"ease-in-out\">\n<div class=\"gb-element-2c012fd6\">\n<div>\n<span class=\"gb-text gb-text-a6548208 has-h2-font-size\" data-aos=\"fade\" data-aos-duration=\"1000\" data-aos-easing=\"ease-in-out\">Affidati a chi \u00e8 abituato a risolvere sfide estreme<\/span>\n<\/div>\n\n\n\n<div class=\"gb-element-4c354731\">\n<p class=\"gb-text\" data-aos=\"fade\" data-aos-duration=\"1000\" data-aos-easing=\"ease-in-out\">La nostra squadra sar\u00e0 lieta di soddisfare ogni tua esigenza, co-progettando la soluzione perfetta.<\/p>\n\n\n\n<a class=\"gb-text gb-text-d8baa426\" href=\"https:\/\/www.tecnikabel.com\/it\/contattaci\/\" data-aos=\"fade\" data-aos-duration=\"1000\" data-aos-easing=\"ease-in-out\">Contatta il nostro ufficio tecnico<\/a>\n<\/div>\n<\/div>\n<\/section>\n\n\n\n<p><\/p>\n","protected":false},"excerpt":{"rendered":"<p>Progettati per affidabilit\u00e0 e continuit\u00e0 operativa nelle applicazioni pi\u00f9 esigenti.<\/p>\n","protected":false},"author":1,"featured_media":3829,"parent":1348,"menu_order":0,"comment_status":"closed","ping_status":"closed","template":"","meta":{"_acf_changed":false,"inline_featured_image":false,"footnotes":""},"class_list":["post-3828","page","type-page","status-publish","has-post-thumbnail"],"acf":[],"_links":{"self":[{"href":"https:\/\/www.tecnikabel.com\/it\/wp-json\/wp\/v2\/pages\/3828","targetHints":{"allow":["GET"]}}],"collection":[{"href":"https:\/\/www.tecnikabel.com\/it\/wp-json\/wp\/v2\/pages"}],"about":[{"href":"https:\/\/www.tecnikabel.com\/it\/wp-json\/wp\/v2\/types\/page"}],"author":[{"embeddable":true,"href":"https:\/\/www.tecnikabel.com\/it\/wp-json\/wp\/v2\/users\/1"}],"replies":[{"embeddable":true,"href":"https:\/\/www.tecnikabel.com\/it\/wp-json\/wp\/v2\/comments?post=3828"}],"version-history":[{"count":5,"href":"https:\/\/www.tecnikabel.com\/it\/wp-json\/wp\/v2\/pages\/3828\/revisions"}],"predecessor-version":[{"id":4332,"href":"https:\/\/www.tecnikabel.com\/it\/wp-json\/wp\/v2\/pages\/3828\/revisions\/4332"}],"up":[{"embeddable":true,"href":"https:\/\/www.tecnikabel.com\/it\/wp-json\/wp\/v2\/pages\/1348"}],"wp:featuredmedia":[{"embeddable":true,"href":"https:\/\/www.tecnikabel.com\/it\/wp-json\/wp\/v2\/media\/3829"}],"wp:attachment":[{"href":"https:\/\/www.tecnikabel.com\/it\/wp-json\/wp\/v2\/media?parent=3828"}],"curies":[{"name":"wp","href":"https:\/\/api.w.org\/{rel}","templated":true}]}}