{"id":3894,"date":"2025-12-11T21:29:40","date_gmt":"2025-12-11T20:29:40","guid":{"rendered":"https:\/\/www.tecnikabel.com\/it\/?page_id=3894"},"modified":"2025-12-11T21:41:46","modified_gmt":"2025-12-11T20:41:46","slug":"tklab-i-centri-di-eccellenza-tecnica-tecnikabel","status":"publish","type":"page","link":"https:\/\/www.tecnikabel.com\/it\/innovazione\/tklab-i-centri-di-eccellenza-tecnica-tecnikabel\/","title":{"rendered":"TKLAB &#8211; Laboratori\u00a0"},"content":{"rendered":"\n<section class=\"gb-element-b7597e10 full-width-section\">\n<div class=\"gb-element-28f10f47\" data-aos=\"fade\" data-aos-duration=\"1000\" data-aos-easing=\"ease-in-out\">\n<div class=\"gb-element-7a0f550a\">\n<h1 class=\"gb-text gb-text-c328fad0\" data-aos=\"fade\" data-aos-duration=\"1000\" data-aos-easing=\"ease-in-out\">TKLAB \u2013 I Centri<br>di Eccellenza Tecnica<br>Tecnikabel<\/h1>\n<\/div>\n\n\n\n<div class=\"gb-element-43db6ac4 gradient-border from-right-to-left only-from-tablet\"><\/div>\n\n\n\n<div>\n<p class=\"gb-text gb-text-8e782d6e sigma-line\"><\/p>\n<\/div>\n\n\n\n<div class=\"gb-element-f9b1eff6 gradient-border from-left-to-right\"><\/div>\n<\/div>\n<\/section>\n\n\n\n<section>\n<p class=\"gb-text gb-text-eba85b56 has-accent-font\" data-aos=\"fade\" data-aos-duration=\"1000\" data-aos-easing=\"ease-in-out\">Ricerca, sviluppo, innovazione e qualit\u00e0 al servizio dei settori pi\u00f9 esigenti.<br><br>Tecnikabel investe da oltre quarant\u2019anni in tecnologia, competenze e laboratori avanzati per garantire prestazioni, sicurezza e affidabilit\u00e0 dei propri cavi. I nostri sei poli laboratorio operano in sinergia con R&amp;D, Produzione e Qualit\u00e0, assicurando tempi rapidi, tracciabilit\u00e0 completa e conformit\u00e0 a normative internazionali.\u00a0<\/p>\n\n\n\n<div class=\"gb-element-e6276fbd\">\n<div data-aos=\"fade\" data-aos-duration=\"1000\" data-aos-easing=\"ease-in-out\">\n<p class=\"gb-text gb-text-b27d8871\" data-aos=\"fade\" data-aos-duration=\"1000\" data-aos-easing=\"ease-in-out\">Laboratori rame<br>Volpiano &amp; Almese<\/p>\n<\/div>\n\n\n\n<div data-aos=\"fade\" data-aos-duration=\"1000\" data-aos-easing=\"ease-in-out\">\n<p class=\"gb-text gb-text-bda57e4f\" data-aos=\"fade\" data-aos-duration=\"1000\" data-aos-easing=\"ease-in-out\"><strong>Specializzazione:<\/strong>\u00a0\u00a0<br>cavi in rame per potenza, controllo, industriale, trasporto e applicazioni speciali.\u00a0\u00a0\u00a0<br><br><strong>Capacit\u00e0 principali:\u202f<\/strong>\u00a0<\/p>\n\n\n\n<ul class=\"wp-block-list\">\n<li>Test elettrici (resistenza, rigidit\u00e0 dielettrica, continuit\u00e0).\u00a0\u00a0<\/li>\n\n\n\n<li>Analisi meccaniche (trazione, flessione, fatica)\u00a0<\/li>\n\n\n\n<li>Qualificazione materiali e geometrie conduttori\u00a0\u00a0<\/li>\n\n\n\n<li>Supporto certificazioni e omologazioni.\u00a0\u00a0<\/li>\n<\/ul>\n\n\n\n<p class=\"gb-text gb-text-b314dd3e\" data-aos=\"fade\" data-aos-duration=\"1000\" data-aos-easing=\"ease-in-out\"><strong>Valore aggiunto:<\/strong>\u00a0\u00a0<br>doppio sito per massima capacit\u00e0 operativa e rapidit\u00e0 nel supporto alla produzione.\u00a0<\/p>\n<\/div>\n\n\n\n<div data-aos=\"fade\" data-aos-duration=\"1000\" data-aos-easing=\"ease-in-out\">\n<p class=\"gb-text gb-text-66b31c08\" data-aos=\"fade\" data-aos-duration=\"1000\" data-aos-easing=\"ease-in-out\">laboratori Ottici<br>Volpiano &amp; Almese<\/p>\n<\/div>\n\n\n\n<div data-aos=\"fade\" data-aos-duration=\"1000\" data-aos-easing=\"ease-in-out\">\n<p class=\"gb-text gb-text-ec861a6e\" data-aos=\"fade\" data-aos-duration=\"1000\" data-aos-easing=\"ease-in-out\"><strong>Specializzazione:<\/strong>\u00a0\u00a0<br>cavi in fibra ottica e soluzioni ibride per telecomunicazioni, difesa, ferroviario, navale e industriale.\u00a0<br>\u00a0\u00a0<br><strong>Capacit\u00e0 principali:\u202f<\/strong>\u00a0<\/p>\n\n\n\n<ul class=\"wp-block-list\">\n<li>Misura attenuazione, dispersione e qualit\u00e0 fibra.\u00a0<\/li>\n\n\n\n<li>Test climatici e meccanici.\u00a0<\/li>\n\n\n\n<li>Qualifica cavi armati, ibridi e per ambienti gravosi.\u00a0<\/li>\n<\/ul>\n\n\n\n<p class=\"gb-text gb-text-72b1bae2\" data-aos=\"fade\" data-aos-duration=\"1000\" data-aos-easing=\"ease-in-out\"><strong>Valore aggiunto:<\/strong>\u00a0\u00a0<br>gestione completa della catena ottica, dalla progettazione al test finale.\u00a0<\/p>\n<\/div>\n\n\n\n<div data-aos=\"fade\" data-aos-duration=\"1000\" data-aos-easing=\"ease-in-out\">\n<p class=\"gb-text gb-text-d6a372f3\" data-aos=\"fade\" data-aos-duration=\"1000\" data-aos-easing=\"ease-in-out\">laboratory test fiamma<\/p>\n<\/div>\n\n\n\n<div data-aos=\"fade\" data-aos-duration=\"1000\" data-aos-easing=\"ease-in-out\">\n<p class=\"gb-text gb-text-169d4c95\" data-aos=\"fade\" data-aos-duration=\"1000\" data-aos-easing=\"ease-in-out\"><strong>Specializzazione:<\/strong>\u00a0\u00a0<br>comportamenti al fuoco dei cavi in condizioni di incendio.\u00a0<br>\u00a0\u00a0<br><strong>Capacit\u00e0 principali:\u202f<\/strong>\u00a0<\/p>\n\n\n\n<ul class=\"wp-block-list\">\n<li>Test propagazione fiamma.\u00a0<\/li>\n\n\n\n<li>Misura fumi, tossicit\u00e0 e corrosivit\u00e0.\u00a0<\/li>\n\n\n\n<li>Pre-qualifica per normative ferroviarie, navali, industriali.\u00a0<\/li>\n<\/ul>\n\n\n\n<p class=\"gb-text gb-text-178cbc1e\" data-aos=\"fade\" data-aos-duration=\"1000\" data-aos-easing=\"ease-in-out\"><strong>Valore aggiunto:<\/strong>\u00a0\u00a0<br>validazione interna rapida delle formulazioni LSZH e halogen-free.\u00a0<\/p>\n<\/div>\n\n\n\n<div data-aos=\"fade\" data-aos-duration=\"1000\" data-aos-easing=\"ease-in-out\">\n<p class=\"gb-text gb-text-fcdb78ad\" data-aos=\"fade\" data-aos-duration=\"1000\" data-aos-easing=\"ease-in-out\">laboratorio prove CPR<\/p>\n<\/div>\n\n\n\n<div data-aos=\"fade\" data-aos-duration=\"1000\" data-aos-easing=\"ease-in-out\">\n<p class=\"gb-text gb-text-ff6521e6\" data-aos=\"fade\" data-aos-duration=\"1000\" data-aos-easing=\"ease-in-out\"><strong>Specializzazione:<\/strong>\u00a0\u00a0<br>conformit\u00e0 al Regolamento (UE) 305\/2011 per prodotti da costruzione.\u00a0<br>\u00a0\u00a0<br><strong>Capacit\u00e0 principali:\u202f<\/strong>\u00a0<\/p>\n\n\n\n<ul class=\"wp-block-list\">\n<li>Analisi classi di reazione al fuoco secondo la EN 50575.\u00a0<\/li>\n\n\n\n<li>Emissioni fumi\/acidi e combustione.\u00a0<\/li>\n\n\n\n<li>Redazione documenti DoP.\u00a0<\/li>\n<\/ul>\n\n\n\n<p class=\"gb-text gb-text-f9b8931f\" data-aos=\"fade\" data-aos-duration=\"1000\" data-aos-easing=\"ease-in-out\"><strong>Valore aggiunto:<\/strong>\u00a0\u00a0<br>presidio totale della compliance CPR con tempi di risposta ridotti.\u00a0<\/p>\n<\/div>\n\n\n\n<div data-aos=\"fade\" data-aos-duration=\"1000\" data-aos-easing=\"ease-in-out\">\n<p class=\"gb-text gb-text-31cf57d1\" data-aos=\"fade\" data-aos-duration=\"1000\" data-aos-easing=\"ease-in-out\">laboratorio test Automazione<\/p>\n<\/div>\n\n\n\n<div data-aos=\"fade\" data-aos-duration=\"1000\" data-aos-easing=\"ease-in-out\">\n<p class=\"gb-text gb-text-4dd21789\" data-aos=\"fade\" data-aos-duration=\"1000\" data-aos-easing=\"ease-in-out\"><strong>Specializzazione:<\/strong>\u00a0\u00a0<br>cavi dinamici per robotica, servo-motori e catene portacavi.\u00a0<br>\u00a0\u00a0<br><strong>Capacit\u00e0 principali:\u202f<\/strong>\u00a0<\/p>\n\n\n\n<ul class=\"wp-block-list\">\n<li>Test torsione e flessione.\u00a0<\/li>\n\n\n\n<li>Simulazione cicli vita in catena dinamica fino a 10 milioni di cicli.\u00a0<\/li>\n\n\n\n<li>Validazione \u201csingle cable solution\u201d.\u00a0<\/li>\n<\/ul>\n\n\n\n<p class=\"gb-text gb-text-254fa6e1\" data-aos=\"fade\" data-aos-duration=\"1000\" data-aos-easing=\"ease-in-out\"><strong>Valore aggiunto:<\/strong>\u00a0\u00a0<br>sviluppo dedicato per applicazioni ad alta dinamicit\u00e0 e resistenza.\u00a0<\/p>\n<\/div>\n\n\n\n<div data-aos=\"fade\" data-aos-duration=\"1000\" data-aos-easing=\"ease-in-out\">\n<p class=\"gb-text gb-text-cfa34d55\" data-aos=\"fade\" data-aos-duration=\"1000\" data-aos-easing=\"ease-in-out\">laboratorio Defence Volpiano <\/p>\n<\/div>\n\n\n\n<div data-aos=\"fade\" data-aos-duration=\"1000\" data-aos-easing=\"ease-in-out\">\n<p class=\"gb-text gb-text-74526616\" data-aos=\"fade\" data-aos-duration=\"1000\" data-aos-easing=\"ease-in-out\"><strong>Specializzazione:<\/strong>\u00a0\u00a0<br>validazione per cavi militari e aerospaziali secondo standard internazionali (MIL, STANAG, JN).\u00a0<br>\u00a0\u00a0<br><strong>Capacit\u00e0 principali:\u202f<\/strong>\u00a0<\/p>\n\n\n\n<ul class=\"wp-block-list\">\n<li>Test ambientali severi (shock, vibrazione, thermal cycle).\u00a0<\/li>\n\n\n\n<li>Test EMI\/EMC e schermatura.\u00a0<\/li>\n\n\n\n<li>Compatibility fluidi avio e sostanze aggressive.\u00a0<\/li>\n\n\n\n<li>Prove secondo MIL-DTL, PANAVIA, EUROFIGHTER<\/li>\n<\/ul>\n\n\n\n<p class=\"gb-text gb-text-f81038f1\" data-aos=\"fade\" data-aos-duration=\"1000\" data-aos-easing=\"ease-in-out\"><strong>Valore aggiunto:<\/strong>\u00a0\u00a0<br>infrastruttura ad alta riservatezza con processi certificati per applicazioni critiche.\u00a0<\/p>\n<\/div>\n\n\n\n<div data-aos=\"fade\" data-aos-duration=\"1000\" data-aos-easing=\"ease-in-out\">\n<p class=\"gb-text gb-text-2fba5ff3\" data-aos=\"fade\" data-aos-duration=\"1000\" data-aos-easing=\"ease-in-out\">L&#8217;ecosistema laboratoriale<br>Tecnikabel<\/p>\n<\/div>\n\n\n\n<div data-aos=\"fade\" data-aos-duration=\"1000\" data-aos-easing=\"ease-in-out\">\n<ul class=\"wp-block-list\">\n<li>6 poli laboratorio interconnessi.\u00a0<\/li>\n\n\n\n<li>Collaborazione costante con ingegneria, produzione e qualit\u00e0.\u00a0<\/li>\n\n\n\n<li>Capacit\u00e0 di testing verticale per rame, fibra, fuoco, CPR, automazione e difesa.\u00a0<\/li>\n\n\n\n<li>Rapidit\u00e0, precisione e controllo totale del ciclo di sviluppo.\u00a0<\/li>\n<\/ul>\n<\/div>\n<\/div>\n<\/section>\n\n\n\n<section class=\"gb-element-b76839d0 full-width-section\" data-aos=\"fade\" data-aos-duration=\"1000\" data-aos-easing=\"ease-in-out\"><\/section>\n","protected":false},"excerpt":{"rendered":"<p><\/p>\n","protected":false},"author":1,"featured_media":0,"parent":181,"menu_order":0,"comment_status":"closed","ping_status":"closed","template":"","meta":{"_acf_changed":false,"inline_featured_image":false,"footnotes":""},"class_list":["post-3894","page","type-page","status-publish"],"acf":[],"_links":{"self":[{"href":"https:\/\/www.tecnikabel.com\/it\/wp-json\/wp\/v2\/pages\/3894","targetHints":{"allow":["GET"]}}],"collection":[{"href":"https:\/\/www.tecnikabel.com\/it\/wp-json\/wp\/v2\/pages"}],"about":[{"href":"https:\/\/www.tecnikabel.com\/it\/wp-json\/wp\/v2\/types\/page"}],"author":[{"embeddable":true,"href":"https:\/\/www.tecnikabel.com\/it\/wp-json\/wp\/v2\/users\/1"}],"replies":[{"embeddable":true,"href":"https:\/\/www.tecnikabel.com\/it\/wp-json\/wp\/v2\/comments?post=3894"}],"version-history":[{"count":2,"href":"https:\/\/www.tecnikabel.com\/it\/wp-json\/wp\/v2\/pages\/3894\/revisions"}],"predecessor-version":[{"id":3897,"href":"https:\/\/www.tecnikabel.com\/it\/wp-json\/wp\/v2\/pages\/3894\/revisions\/3897"}],"up":[{"embeddable":true,"href":"https:\/\/www.tecnikabel.com\/it\/wp-json\/wp\/v2\/pages\/181"}],"wp:attachment":[{"href":"https:\/\/www.tecnikabel.com\/it\/wp-json\/wp\/v2\/media?parent=3894"}],"curies":[{"name":"wp","href":"https:\/\/api.w.org\/{rel}","templated":true}]}}